{"id":12064,"date":"2024-10-09T12:10:17","date_gmt":"2024-10-09T17:10:17","guid":{"rendered":"https:\/\/manna.pe\/?post_type=product&#038;p=12064"},"modified":"2024-10-25T20:40:11","modified_gmt":"2024-10-26T01:40:11","slug":"dog-lover-en-concreto","status":"publish","type":"product","link":"https:\/\/manna.pe\/en\/producto\/dog-lover-en-concreto\/","title":{"rendered":"Dog Lover en Concreto"},"content":{"rendered":"<p>Este dise\u00f1o de concreto con la frase &#8220;Dog Lover&#8221; y un coraz\u00f3n es perfecto para los amantes de los perros. Ideal para decorar el hogar con un toque personal y cari\u00f1oso, es una pieza decorativa \u00fanica que refleja el amor incondicional por nuestras mascotas. Perfecto para cualquier rinc\u00f3n especial.<\/p>\n","protected":false},"excerpt":{"rendered":"<p>Este dise\u00f1o de concreto con la frase &#8220;Dog Lover&#8221; y un coraz\u00f3n es perfecto para los amantes de los perros. Ideal para decorar el hogar con un toque personal y cari\u00f1oso, es una pieza decorativa \u00fanica que refleja el amor incondicional por nuestras mascotas. Perfecto para cualquier rinc\u00f3n especial.<\/p>\n","protected":false},"featured_media":11789,"template":"","meta":{"_acf_changed":false},"product_brand":[],"product_cat":[30,108],"product_tag":[],"class_list":{"0":"post-12064","1":"product","2":"type-product","3":"status-publish","4":"has-post-thumbnail","6":"product_cat-decohogar","7":"product_cat-letras_concreto","9":"first","10":"instock","11":"shipping-taxable","12":"purchasable","13":"product-type-simple"},"acf":[],"_links":{"self":[{"href":"https:\/\/manna.pe\/en\/wp-json\/wp\/v2\/product\/12064"}],"collection":[{"href":"https:\/\/manna.pe\/en\/wp-json\/wp\/v2\/product"}],"about":[{"href":"https:\/\/manna.pe\/en\/wp-json\/wp\/v2\/types\/product"}],"wp:featuredmedia":[{"embeddable":true,"href":"https:\/\/manna.pe\/en\/wp-json\/wp\/v2\/media\/11789"}],"wp:attachment":[{"href":"https:\/\/manna.pe\/en\/wp-json\/wp\/v2\/media?parent=12064"}],"wp:term":[{"taxonomy":"product_brand","embeddable":true,"href":"https:\/\/manna.pe\/en\/wp-json\/wp\/v2\/product_brand?post=12064"},{"taxonomy":"product_cat","embeddable":true,"href":"https:\/\/manna.pe\/en\/wp-json\/wp\/v2\/product_cat?post=12064"},{"taxonomy":"product_tag","embeddable":true,"href":"https:\/\/manna.pe\/en\/wp-json\/wp\/v2\/product_tag?post=12064"}],"curies":[{"name":"wp","href":"https:\/\/api.w.org\/{rel}","templated":true}]}}