{"id":12059,"date":"2024-10-09T12:06:31","date_gmt":"2024-10-09T17:06:31","guid":{"rendered":"https:\/\/manna.pe\/?post_type=product&#038;p=12059"},"modified":"2024-10-25T20:53:59","modified_gmt":"2024-10-26T01:53:59","slug":"teach-en-concreto","status":"publish","type":"product","link":"https:\/\/manna.pe\/en\/producto\/teach-en-concreto\/","title":{"rendered":"Teach en Concreto"},"content":{"rendered":"<p>Este colorido dise\u00f1o de concreto con la frase &#8220;Born to Teach&#8221; es el regalo perfecto para educadores apasionados. Con sus vibrantes colores y un mensaje inspirador, es ideal para decorar aulas o espacios de trabajo. Una pieza decorativa \u00fanica que refleja dedicaci\u00f3n y amor por la ense\u00f1anza.<\/p>\n","protected":false},"excerpt":{"rendered":"<p>Este colorido dise\u00f1o de concreto con la frase &#8220;Born to Teach&#8221; es el regalo perfecto para educadores apasionados. Con sus vibrantes colores y un mensaje inspirador, es ideal para decorar aulas o espacios de trabajo. Una pieza decorativa \u00fanica que refleja dedicaci\u00f3n y amor por la ense\u00f1anza.<\/p>\n","protected":false},"featured_media":11796,"template":"","meta":{"_acf_changed":false},"product_brand":[],"product_cat":[30,108],"product_tag":[],"class_list":{"0":"post-12059","1":"product","2":"type-product","3":"status-publish","4":"has-post-thumbnail","6":"product_cat-decohogar","7":"product_cat-letras_concreto","9":"first","10":"instock","11":"shipping-taxable","12":"purchasable","13":"product-type-simple"},"acf":[],"_links":{"self":[{"href":"https:\/\/manna.pe\/en\/wp-json\/wp\/v2\/product\/12059"}],"collection":[{"href":"https:\/\/manna.pe\/en\/wp-json\/wp\/v2\/product"}],"about":[{"href":"https:\/\/manna.pe\/en\/wp-json\/wp\/v2\/types\/product"}],"wp:featuredmedia":[{"embeddable":true,"href":"https:\/\/manna.pe\/en\/wp-json\/wp\/v2\/media\/11796"}],"wp:attachment":[{"href":"https:\/\/manna.pe\/en\/wp-json\/wp\/v2\/media?parent=12059"}],"wp:term":[{"taxonomy":"product_brand","embeddable":true,"href":"https:\/\/manna.pe\/en\/wp-json\/wp\/v2\/product_brand?post=12059"},{"taxonomy":"product_cat","embeddable":true,"href":"https:\/\/manna.pe\/en\/wp-json\/wp\/v2\/product_cat?post=12059"},{"taxonomy":"product_tag","embeddable":true,"href":"https:\/\/manna.pe\/en\/wp-json\/wp\/v2\/product_tag?post=12059"}],"curies":[{"name":"wp","href":"https:\/\/api.w.org\/{rel}","templated":true}]}}