{"id":12057,"date":"2024-10-08T14:12:08","date_gmt":"2024-10-08T19:12:08","guid":{"rendered":"https:\/\/manna.pe\/?post_type=product&#038;p=12057"},"modified":"2024-10-25T20:52:32","modified_gmt":"2024-10-26T01:52:32","slug":"soy-exitosa-en-concreto","status":"publish","type":"product","link":"https:\/\/manna.pe\/en\/producto\/soy-exitosa-en-concreto\/","title":{"rendered":"Soy Exitosa en Concreto"},"content":{"rendered":"<p>Este dise\u00f1o de concreto con la frase &#8220;Soy Exitosa&#8221; es perfecto para mujeres que desean recordar y reafirmar su \u00e9xito y confianza. Ideal para decorar cualquier espacio con un mensaje de empoderamiento y motivaci\u00f3n, su estilo moderno y resistente lo convierte en una pieza inspiradora y llena de significado.<\/p>\n","protected":false},"excerpt":{"rendered":"<p>Este dise\u00f1o de concreto con la frase &#8220;Soy Exitosa&#8221; es perfecto para mujeres que desean recordar y reafirmar su \u00e9xito y confianza. Ideal para decorar cualquier espacio con un mensaje de empoderamiento y motivaci\u00f3n, su estilo moderno y resistente lo convierte en una pieza inspiradora y llena de significado.<\/p>\n","protected":false},"featured_media":11803,"template":"","meta":{"_acf_changed":false},"product_brand":[],"product_cat":[30,108],"product_tag":[],"class_list":{"0":"post-12057","1":"product","2":"type-product","3":"status-publish","4":"has-post-thumbnail","6":"product_cat-decohogar","7":"product_cat-letras_concreto","9":"first","10":"instock","11":"shipping-taxable","12":"purchasable","13":"product-type-simple"},"acf":[],"_links":{"self":[{"href":"https:\/\/manna.pe\/en\/wp-json\/wp\/v2\/product\/12057"}],"collection":[{"href":"https:\/\/manna.pe\/en\/wp-json\/wp\/v2\/product"}],"about":[{"href":"https:\/\/manna.pe\/en\/wp-json\/wp\/v2\/types\/product"}],"wp:featuredmedia":[{"embeddable":true,"href":"https:\/\/manna.pe\/en\/wp-json\/wp\/v2\/media\/11803"}],"wp:attachment":[{"href":"https:\/\/manna.pe\/en\/wp-json\/wp\/v2\/media?parent=12057"}],"wp:term":[{"taxonomy":"product_brand","embeddable":true,"href":"https:\/\/manna.pe\/en\/wp-json\/wp\/v2\/product_brand?post=12057"},{"taxonomy":"product_cat","embeddable":true,"href":"https:\/\/manna.pe\/en\/wp-json\/wp\/v2\/product_cat?post=12057"},{"taxonomy":"product_tag","embeddable":true,"href":"https:\/\/manna.pe\/en\/wp-json\/wp\/v2\/product_tag?post=12057"}],"curies":[{"name":"wp","href":"https:\/\/api.w.org\/{rel}","templated":true}]}}