{"id":12049,"date":"2024-10-08T11:58:13","date_gmt":"2024-10-08T16:58:13","guid":{"rendered":"https:\/\/manna.pe\/?post_type=product&#038;p=12049"},"modified":"2024-11-04T11:36:30","modified_gmt":"2024-11-04T16:36:30","slug":"amigurumi-de-dino-unicornio-verde","status":"publish","type":"product","link":"https:\/\/manna.pe\/en\/producto\/amigurumi-de-dino-unicornio-verde\/","title":{"rendered":"Amigurumi de Dino Unicornio Verde"},"content":{"rendered":"<p>Este dino unicornio verde de crochet, adornado con una brillante crin de colores y un cuerno dorado, es el amigo perfecto para los peque\u00f1os so\u00f1adores. Hecho a mano con amor y atenci\u00f3n al detalle, este adorable peluche ofrece horas de diversi\u00f3n y es una pieza decorativa \u00fanica para cualquier habitaci\u00f3n infantil.<\/p>\n","protected":false},"excerpt":{"rendered":"<p>Este dino unicornio verde de crochet, adornado con una brillante crin de colores y un cuerno dorado, es el amigo perfecto para los peque\u00f1os so\u00f1adores. Hecho a mano con amor y atenci\u00f3n al detalle, este adorable peluche ofrece horas de diversi\u00f3n y es una pieza decorativa \u00fanica para cualquier habitaci\u00f3n infantil.<\/p>\n","protected":false},"featured_media":11907,"template":"","meta":{"_acf_changed":false},"product_brand":[],"product_cat":[2603,2226],"product_tag":[],"class_list":{"0":"post-12049","1":"product","2":"type-product","3":"status-publish","4":"has-post-thumbnail","6":"product_cat-juguetes","7":"product_cat-celebraciones","9":"first","10":"instock","11":"shipping-taxable","12":"purchasable","13":"product-type-simple"},"acf":[],"_links":{"self":[{"href":"https:\/\/manna.pe\/en\/wp-json\/wp\/v2\/product\/12049"}],"collection":[{"href":"https:\/\/manna.pe\/en\/wp-json\/wp\/v2\/product"}],"about":[{"href":"https:\/\/manna.pe\/en\/wp-json\/wp\/v2\/types\/product"}],"wp:featuredmedia":[{"embeddable":true,"href":"https:\/\/manna.pe\/en\/wp-json\/wp\/v2\/media\/11907"}],"wp:attachment":[{"href":"https:\/\/manna.pe\/en\/wp-json\/wp\/v2\/media?parent=12049"}],"wp:term":[{"taxonomy":"product_brand","embeddable":true,"href":"https:\/\/manna.pe\/en\/wp-json\/wp\/v2\/product_brand?post=12049"},{"taxonomy":"product_cat","embeddable":true,"href":"https:\/\/manna.pe\/en\/wp-json\/wp\/v2\/product_cat?post=12049"},{"taxonomy":"product_tag","embeddable":true,"href":"https:\/\/manna.pe\/en\/wp-json\/wp\/v2\/product_tag?post=12049"}],"curies":[{"name":"wp","href":"https:\/\/api.w.org\/{rel}","templated":true}]}}