{"id":12048,"date":"2024-10-08T11:57:07","date_gmt":"2024-10-08T16:57:07","guid":{"rendered":"https:\/\/manna.pe\/?post_type=product&#038;p=12048"},"modified":"2024-11-04T11:37:17","modified_gmt":"2024-11-04T16:37:17","slug":"amigurumi-de-dino-unicornio-morado","status":"publish","type":"product","link":"https:\/\/manna.pe\/en\/producto\/amigurumi-de-dino-unicornio-morado\/","title":{"rendered":"Amigurumi de Dino Unicornio Morado"},"content":{"rendered":"<p>Este encantador dino unicornio morado de crochet, decorado con una hermosa corona de flores de colores y un cuerno dorado, es un compa\u00f1ero m\u00e1gico para los ni\u00f1os y ni\u00f1as que aman los cuentos de hadas. Hecho a mano con esmero, este peluche es perfecto tanto para jugar como para decorar cualquier habitaci\u00f3n infantil.<\/p>\n","protected":false},"excerpt":{"rendered":"<p>Este encantador dino unicornio morado de crochet, decorado con una hermosa corona de flores de colores y un cuerno dorado, es un compa\u00f1ero m\u00e1gico para los ni\u00f1os y ni\u00f1as que aman los cuentos de hadas. Hecho a mano con esmero, este peluche es perfecto tanto para jugar como para decorar cualquier habitaci\u00f3n infantil.<\/p>\n","protected":false},"featured_media":11906,"template":"","meta":{"_acf_changed":false},"product_brand":[],"product_cat":[2603,2226],"product_tag":[],"class_list":{"0":"post-12048","1":"product","2":"type-product","3":"status-publish","4":"has-post-thumbnail","6":"product_cat-juguetes","7":"product_cat-celebraciones","9":"first","10":"instock","11":"shipping-taxable","12":"purchasable","13":"product-type-simple"},"acf":[],"_links":{"self":[{"href":"https:\/\/manna.pe\/en\/wp-json\/wp\/v2\/product\/12048"}],"collection":[{"href":"https:\/\/manna.pe\/en\/wp-json\/wp\/v2\/product"}],"about":[{"href":"https:\/\/manna.pe\/en\/wp-json\/wp\/v2\/types\/product"}],"wp:featuredmedia":[{"embeddable":true,"href":"https:\/\/manna.pe\/en\/wp-json\/wp\/v2\/media\/11906"}],"wp:attachment":[{"href":"https:\/\/manna.pe\/en\/wp-json\/wp\/v2\/media?parent=12048"}],"wp:term":[{"taxonomy":"product_brand","embeddable":true,"href":"https:\/\/manna.pe\/en\/wp-json\/wp\/v2\/product_brand?post=12048"},{"taxonomy":"product_cat","embeddable":true,"href":"https:\/\/manna.pe\/en\/wp-json\/wp\/v2\/product_cat?post=12048"},{"taxonomy":"product_tag","embeddable":true,"href":"https:\/\/manna.pe\/en\/wp-json\/wp\/v2\/product_tag?post=12048"}],"curies":[{"name":"wp","href":"https:\/\/api.w.org\/{rel}","templated":true}]}}