{"id":12047,"date":"2024-10-07T23:44:54","date_gmt":"2024-10-08T04:44:54","guid":{"rendered":"https:\/\/manna.pe\/?post_type=product&#038;p=12047"},"modified":"2024-10-25T20:39:44","modified_gmt":"2024-10-26T01:39:44","slug":"good-vibes-en-concreto","status":"publish","type":"product","link":"https:\/\/manna.pe\/en\/producto\/good-vibes-en-concreto\/","title":{"rendered":"Good Vibes en Concreto"},"content":{"rendered":"<p>Este dise\u00f1o de concreto con la frase &#8220;Good Vibes&#8221; es perfecto para llenar de energ\u00eda positiva cualquier espacio. Con un estilo moderno y un peque\u00f1o detalle de flor, es ideal para decorar tu hogar u oficina con un mensaje optimista y lleno de buenas vibras. Aporta frescura y alegr\u00eda a la decoraci\u00f3n.<\/p>\n","protected":false},"excerpt":{"rendered":"<p>Este dise\u00f1o de concreto con la frase &#8220;Good Vibes&#8221; es perfecto para llenar de energ\u00eda positiva cualquier espacio. Con un estilo moderno y un peque\u00f1o detalle de flor, es ideal para decorar tu hogar u oficina con un mensaje optimista y lleno de buenas vibras. Aporta frescura y alegr\u00eda a la decoraci\u00f3n.<\/p>\n","protected":false},"featured_media":11814,"template":"","meta":{"_acf_changed":false},"product_brand":[],"product_cat":[30,108],"product_tag":[],"class_list":{"0":"post-12047","1":"product","2":"type-product","3":"status-publish","4":"has-post-thumbnail","6":"product_cat-decohogar","7":"product_cat-letras_concreto","9":"first","10":"instock","11":"shipping-taxable","12":"purchasable","13":"product-type-simple"},"acf":[],"_links":{"self":[{"href":"https:\/\/manna.pe\/en\/wp-json\/wp\/v2\/product\/12047"}],"collection":[{"href":"https:\/\/manna.pe\/en\/wp-json\/wp\/v2\/product"}],"about":[{"href":"https:\/\/manna.pe\/en\/wp-json\/wp\/v2\/types\/product"}],"wp:featuredmedia":[{"embeddable":true,"href":"https:\/\/manna.pe\/en\/wp-json\/wp\/v2\/media\/11814"}],"wp:attachment":[{"href":"https:\/\/manna.pe\/en\/wp-json\/wp\/v2\/media?parent=12047"}],"wp:term":[{"taxonomy":"product_brand","embeddable":true,"href":"https:\/\/manna.pe\/en\/wp-json\/wp\/v2\/product_brand?post=12047"},{"taxonomy":"product_cat","embeddable":true,"href":"https:\/\/manna.pe\/en\/wp-json\/wp\/v2\/product_cat?post=12047"},{"taxonomy":"product_tag","embeddable":true,"href":"https:\/\/manna.pe\/en\/wp-json\/wp\/v2\/product_tag?post=12047"}],"curies":[{"name":"wp","href":"https:\/\/api.w.org\/{rel}","templated":true}]}}