{"id":12041,"date":"2024-10-07T23:09:04","date_gmt":"2024-10-08T04:09:04","guid":{"rendered":"https:\/\/manna.pe\/?post_type=product&#038;p=12041"},"modified":"2024-10-25T21:24:26","modified_gmt":"2024-10-26T02:24:26","slug":"girl-power-clip-en-concreto","status":"publish","type":"product","link":"https:\/\/manna.pe\/en\/producto\/girl-power-clip-en-concreto\/","title":{"rendered":"Girl Power Clip en Concreto"},"content":{"rendered":"<p>Este dise\u00f1o de concreto con la frase &#8220;GRL PWR&#8221; es un homenaje a la fuerza y empoderamiento femenino. Acompa\u00f1ado de un coraz\u00f3n rosa, es ideal para decorar cualquier espacio con un mensaje de inspiraci\u00f3n y poder. Perfecto para a\u00f1adir un toque moderno y significativo a tu hogar u oficina.<\/p>\n","protected":false},"excerpt":{"rendered":"<p>Este dise\u00f1o de concreto con la frase &#8220;GRL PWR&#8221; es un homenaje a la fuerza y empoderamiento femenino. Acompa\u00f1ado de un coraz\u00f3n rosa, es ideal para decorar cualquier espacio con un mensaje de inspiraci\u00f3n y poder. Perfecto para a\u00f1adir un toque moderno y significativo a tu hogar u oficina.<\/p>\n","protected":false},"featured_media":11819,"template":"","meta":{"_acf_changed":false},"product_brand":[],"product_cat":[30,108],"product_tag":[],"class_list":{"0":"post-12041","1":"product","2":"type-product","3":"status-publish","4":"has-post-thumbnail","6":"product_cat-decohogar","7":"product_cat-letras_concreto","9":"first","10":"instock","11":"shipping-taxable","12":"purchasable","13":"product-type-simple"},"acf":[],"_links":{"self":[{"href":"https:\/\/manna.pe\/en\/wp-json\/wp\/v2\/product\/12041"}],"collection":[{"href":"https:\/\/manna.pe\/en\/wp-json\/wp\/v2\/product"}],"about":[{"href":"https:\/\/manna.pe\/en\/wp-json\/wp\/v2\/types\/product"}],"wp:featuredmedia":[{"embeddable":true,"href":"https:\/\/manna.pe\/en\/wp-json\/wp\/v2\/media\/11819"}],"wp:attachment":[{"href":"https:\/\/manna.pe\/en\/wp-json\/wp\/v2\/media?parent=12041"}],"wp:term":[{"taxonomy":"product_brand","embeddable":true,"href":"https:\/\/manna.pe\/en\/wp-json\/wp\/v2\/product_brand?post=12041"},{"taxonomy":"product_cat","embeddable":true,"href":"https:\/\/manna.pe\/en\/wp-json\/wp\/v2\/product_cat?post=12041"},{"taxonomy":"product_tag","embeddable":true,"href":"https:\/\/manna.pe\/en\/wp-json\/wp\/v2\/product_tag?post=12041"}],"curies":[{"name":"wp","href":"https:\/\/api.w.org\/{rel}","templated":true}]}}