{"id":12037,"date":"2024-10-07T22:46:33","date_gmt":"2024-10-08T03:46:33","guid":{"rendered":"https:\/\/manna.pe\/?post_type=product&#038;p=12037"},"modified":"2024-10-25T20:40:00","modified_gmt":"2024-10-26T01:40:00","slug":"letras-de-concreto-fe","status":"publish","type":"product","link":"https:\/\/manna.pe\/en\/producto\/letras-de-concreto-fe\/","title":{"rendered":"Fe en Concreto"},"content":{"rendered":"<p>Este peque\u00f1o y hermoso dise\u00f1o de concreto con la palabra &#8220;Fe&#8221; es un s\u00edmbolo de esperanza y confianza. Con un delicado coraz\u00f3n rojo en la parte superior, es ideal para decorar cualquier espacio con un toque de espiritualidad y motivaci\u00f3n. Perfecto para regalar o a\u00f1adir a tu hogar como recordatorio de fe y amor.<\/p>\n","protected":false},"excerpt":{"rendered":"<p>Este peque\u00f1o y hermoso dise\u00f1o de concreto con la palabra &#8220;Fe&#8221; es un s\u00edmbolo de esperanza y confianza. Con un delicado coraz\u00f3n rojo en la parte superior, es ideal para decorar cualquier espacio con un toque de espiritualidad y motivaci\u00f3n. Perfecto para regalar o a\u00f1adir a tu hogar como recordatorio de fe y amor.<\/p>\n","protected":false},"featured_media":11825,"template":"","meta":{"_acf_changed":false},"product_brand":[],"product_cat":[30,108],"product_tag":[],"class_list":{"0":"post-12037","1":"product","2":"type-product","3":"status-publish","4":"has-post-thumbnail","6":"product_cat-decohogar","7":"product_cat-letras_concreto","9":"first","10":"instock","11":"shipping-taxable","12":"purchasable","13":"product-type-simple"},"acf":[],"_links":{"self":[{"href":"https:\/\/manna.pe\/en\/wp-json\/wp\/v2\/product\/12037"}],"collection":[{"href":"https:\/\/manna.pe\/en\/wp-json\/wp\/v2\/product"}],"about":[{"href":"https:\/\/manna.pe\/en\/wp-json\/wp\/v2\/types\/product"}],"wp:featuredmedia":[{"embeddable":true,"href":"https:\/\/manna.pe\/en\/wp-json\/wp\/v2\/media\/11825"}],"wp:attachment":[{"href":"https:\/\/manna.pe\/en\/wp-json\/wp\/v2\/media?parent=12037"}],"wp:term":[{"taxonomy":"product_brand","embeddable":true,"href":"https:\/\/manna.pe\/en\/wp-json\/wp\/v2\/product_brand?post=12037"},{"taxonomy":"product_cat","embeddable":true,"href":"https:\/\/manna.pe\/en\/wp-json\/wp\/v2\/product_cat?post=12037"},{"taxonomy":"product_tag","embeddable":true,"href":"https:\/\/manna.pe\/en\/wp-json\/wp\/v2\/product_tag?post=12037"}],"curies":[{"name":"wp","href":"https:\/\/api.w.org\/{rel}","templated":true}]}}