{"id":12036,"date":"2024-10-07T22:42:27","date_gmt":"2024-10-08T03:42:27","guid":{"rendered":"https:\/\/manna.pe\/?post_type=product&#038;p=12036"},"modified":"2024-10-25T20:42:53","modified_gmt":"2024-10-26T01:42:53","slug":"corazon-clip-nonno","status":"publish","type":"product","link":"https:\/\/manna.pe\/en\/producto\/corazon-clip-nonno\/","title":{"rendered":"Coraz\u00f3n Clip Nonno en Concreto"},"content":{"rendered":"<p>Este coraz\u00f3n de concreto con la palabra &#8220;Nonno&#8221; es un tributo lleno de amor y aprecio hacia los abuelos. Con un dise\u00f1o r\u00fastico y elegante, es perfecto para decorar espacios con un toque personal y especial. Ideal como regalo para demostrar cari\u00f1o y gratitud a los seres queridos.<\/p>\n","protected":false},"excerpt":{"rendered":"<p>Este coraz\u00f3n de concreto con la palabra &#8220;Nonno&#8221; es un tributo lleno de amor y aprecio hacia los abuelos. Con un dise\u00f1o r\u00fastico y elegante, es perfecto para decorar espacios con un toque personal y especial. Ideal como regalo para demostrar cari\u00f1o y gratitud a los seres queridos.<\/p>\n","protected":false},"featured_media":11826,"template":"","meta":{"_acf_changed":false},"product_brand":[],"product_cat":[30,108],"product_tag":[],"class_list":{"0":"post-12036","1":"product","2":"type-product","3":"status-publish","4":"has-post-thumbnail","6":"product_cat-decohogar","7":"product_cat-letras_concreto","9":"first","10":"instock","11":"shipping-taxable","12":"purchasable","13":"product-type-simple"},"acf":[],"_links":{"self":[{"href":"https:\/\/manna.pe\/en\/wp-json\/wp\/v2\/product\/12036"}],"collection":[{"href":"https:\/\/manna.pe\/en\/wp-json\/wp\/v2\/product"}],"about":[{"href":"https:\/\/manna.pe\/en\/wp-json\/wp\/v2\/types\/product"}],"wp:featuredmedia":[{"embeddable":true,"href":"https:\/\/manna.pe\/en\/wp-json\/wp\/v2\/media\/11826"}],"wp:attachment":[{"href":"https:\/\/manna.pe\/en\/wp-json\/wp\/v2\/media?parent=12036"}],"wp:term":[{"taxonomy":"product_brand","embeddable":true,"href":"https:\/\/manna.pe\/en\/wp-json\/wp\/v2\/product_brand?post=12036"},{"taxonomy":"product_cat","embeddable":true,"href":"https:\/\/manna.pe\/en\/wp-json\/wp\/v2\/product_cat?post=12036"},{"taxonomy":"product_tag","embeddable":true,"href":"https:\/\/manna.pe\/en\/wp-json\/wp\/v2\/product_tag?post=12036"}],"curies":[{"name":"wp","href":"https:\/\/api.w.org\/{rel}","templated":true}]}}