{"id":12021,"date":"2024-10-07T19:23:18","date_gmt":"2024-10-08T00:23:18","guid":{"rendered":"https:\/\/manna.pe\/?post_type=product&#038;p=12021"},"modified":"2024-11-04T11:40:24","modified_gmt":"2024-11-04T16:40:24","slug":"amigurumi-de-coneja-bailarina-verde","status":"publish","type":"product","link":"https:\/\/manna.pe\/en\/producto\/amigurumi-de-coneja-bailarina-verde\/","title":{"rendered":"Amigurumi de Coneja Bailarina Verde"},"content":{"rendered":"<p>Esta delicada conejita bailarina de crochet, vestida con un adorable tut\u00fa verde y una cinta a juego, es el regalo perfecto para los amantes de la danza y de los peluches hechos a mano. Con su cuerpo suave y su dise\u00f1o detallado, esta conejita no solo es ideal para decorar, sino tambi\u00e9n para ser la compa\u00f1era de juegos de los m\u00e1s peque\u00f1os. \u00a1Una pieza \u00fanica que encantar\u00e1 a cualquier ni\u00f1o o ni\u00f1a!<\/p>\n","protected":false},"excerpt":{"rendered":"<p>Esta delicada conejita bailarina de crochet, vestida con un adorable tut\u00fa verde y una cinta a juego, es el regalo perfecto para los amantes de la danza y de los peluches hechos a mano. Con su cuerpo suave y su dise\u00f1o detallado, esta conejita no solo es ideal para decorar, sino tambi\u00e9n para ser la [&hellip;]<\/p>\n","protected":false},"featured_media":11891,"template":"","meta":{"_acf_changed":false},"product_brand":[],"product_cat":[2603,2226],"product_tag":[],"class_list":{"0":"post-12021","1":"product","2":"type-product","3":"status-publish","4":"has-post-thumbnail","6":"product_cat-juguetes","7":"product_cat-celebraciones","9":"first","10":"instock","11":"shipping-taxable","12":"purchasable","13":"product-type-simple"},"acf":[],"_links":{"self":[{"href":"https:\/\/manna.pe\/en\/wp-json\/wp\/v2\/product\/12021"}],"collection":[{"href":"https:\/\/manna.pe\/en\/wp-json\/wp\/v2\/product"}],"about":[{"href":"https:\/\/manna.pe\/en\/wp-json\/wp\/v2\/types\/product"}],"wp:featuredmedia":[{"embeddable":true,"href":"https:\/\/manna.pe\/en\/wp-json\/wp\/v2\/media\/11891"}],"wp:attachment":[{"href":"https:\/\/manna.pe\/en\/wp-json\/wp\/v2\/media?parent=12021"}],"wp:term":[{"taxonomy":"product_brand","embeddable":true,"href":"https:\/\/manna.pe\/en\/wp-json\/wp\/v2\/product_brand?post=12021"},{"taxonomy":"product_cat","embeddable":true,"href":"https:\/\/manna.pe\/en\/wp-json\/wp\/v2\/product_cat?post=12021"},{"taxonomy":"product_tag","embeddable":true,"href":"https:\/\/manna.pe\/en\/wp-json\/wp\/v2\/product_tag?post=12021"}],"curies":[{"name":"wp","href":"https:\/\/api.w.org\/{rel}","templated":true}]}}