{"id":11991,"date":"2024-10-06T21:47:52","date_gmt":"2024-10-07T02:47:52","guid":{"rendered":"https:\/\/manna.pe\/?post_type=product&#038;p=11991"},"modified":"2024-10-25T20:42:41","modified_gmt":"2024-10-26T01:42:41","slug":"cuadro-el-limite-son-las-ganas","status":"publish","type":"product","link":"https:\/\/manna.pe\/en\/producto\/cuadro-el-limite-son-las-ganas\/","title":{"rendered":"Cuadro El L\u00edmite son las Ganas"},"content":{"rendered":"<p>Cuadro decorativo con mensaje motivacional en estilo art\u00edstico sobre fondo de peri\u00f3dico reciclado. Con un coraz\u00f3n alado y una corona, este dise\u00f1o inspira a superar cualquier barrera con determinaci\u00f3n.<\/p>\n","protected":false},"excerpt":{"rendered":"<p>Cuadro decorativo con mensaje motivacional en estilo art\u00edstico sobre fondo de peri\u00f3dico reciclado. Con un coraz\u00f3n alado y una corona, este dise\u00f1o inspira a superar cualquier barrera con determinaci\u00f3n.<\/p>\n","protected":false},"featured_media":11737,"template":"","meta":{"_acf_changed":false},"product_brand":[],"product_cat":[30,102],"product_tag":[],"class_list":{"0":"post-11991","1":"product","2":"type-product","3":"status-publish","4":"has-post-thumbnail","6":"product_cat-decohogar","7":"product_cat-cuadros","9":"first","10":"instock","11":"shipping-taxable","12":"purchasable","13":"product-type-simple"},"acf":[],"_links":{"self":[{"href":"https:\/\/manna.pe\/en\/wp-json\/wp\/v2\/product\/11991"}],"collection":[{"href":"https:\/\/manna.pe\/en\/wp-json\/wp\/v2\/product"}],"about":[{"href":"https:\/\/manna.pe\/en\/wp-json\/wp\/v2\/types\/product"}],"wp:featuredmedia":[{"embeddable":true,"href":"https:\/\/manna.pe\/en\/wp-json\/wp\/v2\/media\/11737"}],"wp:attachment":[{"href":"https:\/\/manna.pe\/en\/wp-json\/wp\/v2\/media?parent=11991"}],"wp:term":[{"taxonomy":"product_brand","embeddable":true,"href":"https:\/\/manna.pe\/en\/wp-json\/wp\/v2\/product_brand?post=11991"},{"taxonomy":"product_cat","embeddable":true,"href":"https:\/\/manna.pe\/en\/wp-json\/wp\/v2\/product_cat?post=11991"},{"taxonomy":"product_tag","embeddable":true,"href":"https:\/\/manna.pe\/en\/wp-json\/wp\/v2\/product_tag?post=11991"}],"curies":[{"name":"wp","href":"https:\/\/api.w.org\/{rel}","templated":true}]}}