{"id":11988,"date":"2024-10-06T21:38:27","date_gmt":"2024-10-07T02:38:27","guid":{"rendered":"https:\/\/manna.pe\/?post_type=product&#038;p=11988"},"modified":"2024-10-25T20:42:41","modified_gmt":"2024-10-26T01:42:41","slug":"cuadro-cada-momento-importa","status":"publish","type":"product","link":"https:\/\/manna.pe\/en\/producto\/cuadro-cada-momento-importa\/","title":{"rendered":"Cuadro Cada Momento Importa"},"content":{"rendered":"<p>Cuadro sobre madera con un inspirador mensaje acompa\u00f1ado de un arco\u00edris. Perfecto para recordarnos la importancia de valorar cada instante, ideal para decorar cualquier espacio con energ\u00eda positiva.<\/p>\n","protected":false},"excerpt":{"rendered":"<p>Cuadro sobre madera con un inspirador mensaje acompa\u00f1ado de un arco\u00edris. Perfecto para recordarnos la importancia de valorar cada instante, ideal para decorar cualquier espacio con energ\u00eda positiva.<\/p>\n","protected":false},"featured_media":11725,"template":"","meta":{"_acf_changed":false},"product_brand":[],"product_cat":[30,102],"product_tag":[],"class_list":{"0":"post-11988","1":"product","2":"type-product","3":"status-publish","4":"has-post-thumbnail","6":"product_cat-decohogar","7":"product_cat-cuadros","9":"first","10":"instock","11":"shipping-taxable","12":"purchasable","13":"product-type-simple"},"acf":[],"_links":{"self":[{"href":"https:\/\/manna.pe\/en\/wp-json\/wp\/v2\/product\/11988"}],"collection":[{"href":"https:\/\/manna.pe\/en\/wp-json\/wp\/v2\/product"}],"about":[{"href":"https:\/\/manna.pe\/en\/wp-json\/wp\/v2\/types\/product"}],"wp:featuredmedia":[{"embeddable":true,"href":"https:\/\/manna.pe\/en\/wp-json\/wp\/v2\/media\/11725"}],"wp:attachment":[{"href":"https:\/\/manna.pe\/en\/wp-json\/wp\/v2\/media?parent=11988"}],"wp:term":[{"taxonomy":"product_brand","embeddable":true,"href":"https:\/\/manna.pe\/en\/wp-json\/wp\/v2\/product_brand?post=11988"},{"taxonomy":"product_cat","embeddable":true,"href":"https:\/\/manna.pe\/en\/wp-json\/wp\/v2\/product_cat?post=11988"},{"taxonomy":"product_tag","embeddable":true,"href":"https:\/\/manna.pe\/en\/wp-json\/wp\/v2\/product_tag?post=11988"}],"curies":[{"name":"wp","href":"https:\/\/api.w.org\/{rel}","templated":true}]}}