{"id":11961,"date":"2024-10-06T17:29:03","date_gmt":"2024-10-06T22:29:03","guid":{"rendered":"https:\/\/manna.pe\/?post_type=product&#038;p=11961"},"modified":"2025-12-26T10:02:18","modified_gmt":"2025-12-26T15:02:18","slug":"bano-de-florecimiento-abundancia-y-prosperidad","status":"publish","type":"product","link":"https:\/\/manna.pe\/en\/producto\/bano-de-florecimiento-abundancia-y-prosperidad\/","title":{"rendered":"Ba\u00f1o de Florecimiento Abundancia y Prosperidad"},"content":{"rendered":"<p>Este ba\u00f1o de florecimiento est\u00e1 dise\u00f1ado para conectarte con la energ\u00eda de la abundancia y el \u00e9xito. Contiene una mezcla especial de sal marina, ruda, romero, abre caminos, eucalipto, laurel, olivos y p\u00e9talos de rosas amarillas. Perfecto para eliminar bloqueos energ\u00e9ticos y atraer vibras positivas. Hierve los ingredientes en agua, deja reposar y util\u00edzalo para un ba\u00f1o revitalizante. Realiza este ritual en la noche, visualizando prosperidad y gratitud. Contenido: 500g. Ideal para comenzar un nuevo ciclo con \u00e9xito\u00a0y\u00a0abundancia.<\/p>\n","protected":false},"excerpt":{"rendered":"<p>Este ba\u00f1o de florecimiento est\u00e1 dise\u00f1ado para conectarte con la energ\u00eda de la abundancia y el \u00e9xito. Contiene una mezcla especial de sal marina, ruda, romero, abre caminos, eucalipto, laurel, olivos y p\u00e9talos de rosas amarillas. Perfecto para eliminar bloqueos energ\u00e9ticos y atraer vibras positivas. Hierve los ingredientes en agua, deja reposar y util\u00edzalo para [&hellip;]<\/p>\n","protected":false},"featured_media":11710,"template":"","meta":{"_acf_changed":false},"product_brand":[],"product_cat":[474,2146],"product_tag":[],"class_list":{"0":"post-11961","1":"product","2":"type-product","3":"status-publish","4":"has-post-thumbnail","6":"product_cat-belleza-y-bienestar","7":"product_cat-bano-de-florecimiento","9":"first","10":"outofstock","11":"shipping-taxable","12":"purchasable","13":"product-type-simple"},"acf":[],"_links":{"self":[{"href":"https:\/\/manna.pe\/en\/wp-json\/wp\/v2\/product\/11961"}],"collection":[{"href":"https:\/\/manna.pe\/en\/wp-json\/wp\/v2\/product"}],"about":[{"href":"https:\/\/manna.pe\/en\/wp-json\/wp\/v2\/types\/product"}],"wp:featuredmedia":[{"embeddable":true,"href":"https:\/\/manna.pe\/en\/wp-json\/wp\/v2\/media\/11710"}],"wp:attachment":[{"href":"https:\/\/manna.pe\/en\/wp-json\/wp\/v2\/media?parent=11961"}],"wp:term":[{"taxonomy":"product_brand","embeddable":true,"href":"https:\/\/manna.pe\/en\/wp-json\/wp\/v2\/product_brand?post=11961"},{"taxonomy":"product_cat","embeddable":true,"href":"https:\/\/manna.pe\/en\/wp-json\/wp\/v2\/product_cat?post=11961"},{"taxonomy":"product_tag","embeddable":true,"href":"https:\/\/manna.pe\/en\/wp-json\/wp\/v2\/product_tag?post=11961"}],"curies":[{"name":"wp","href":"https:\/\/api.w.org\/{rel}","templated":true}]}}