{"id":11960,"date":"2024-10-06T17:25:59","date_gmt":"2024-10-06T22:25:59","guid":{"rendered":"https:\/\/manna.pe\/?post_type=product&#038;p=11960"},"modified":"2025-04-29T23:56:42","modified_gmt":"2025-04-30T04:56:42","slug":"bano-de-florecimiento-feliz-vuelta-al-sol","status":"publish","type":"product","link":"https:\/\/manna.pe\/en\/producto\/bano-de-florecimiento-feliz-vuelta-al-sol\/","title":{"rendered":"Ba\u00f1o de Florecimiento Feliz Vuelta al Sol"},"content":{"rendered":"<p>Renueva tu luz y vibra con este ba\u00f1o de florecimiento. Elaborado con sal marina, ruda, eucalipto, romero, laurel, hojas de naranja, array\u00e1n y p\u00e9talos de rosas rojas y amarillas, este ritual limpia energ\u00edas negativas y atrae prosperidad y bienestar. Hierve el contenido en agua, deja reposar y usa el l\u00edquido para un ba\u00f1o revitalizante. Realiza este ritual por la noche visualizando tus intenciones. Ideal para atraer abundancia en nuevas etapas de la vida. Contenido: 500g.<\/p>\n","protected":false},"excerpt":{"rendered":"<p>Renueva tu luz y vibra con este ba\u00f1o de florecimiento. Elaborado con sal marina, ruda, eucalipto, romero, laurel, hojas de naranja, array\u00e1n y p\u00e9talos de rosas rojas y amarillas, este ritual limpia energ\u00edas negativas y atrae prosperidad y bienestar. Hierve el contenido en agua, deja reposar y usa el l\u00edquido para un ba\u00f1o revitalizante. Realiza [&hellip;]<\/p>\n","protected":false},"featured_media":11708,"template":"","meta":{"_acf_changed":false},"product_brand":[],"product_cat":[474,2146,2226,2227],"product_tag":[],"class_list":{"0":"post-11960","1":"product","2":"type-product","3":"status-publish","4":"has-post-thumbnail","6":"product_cat-belleza-y-bienestar","7":"product_cat-bano-de-florecimiento","8":"product_cat-celebraciones","9":"product_cat-cumpleanos","11":"first","12":"instock","13":"shipping-taxable","14":"purchasable","15":"product-type-simple"},"acf":[],"_links":{"self":[{"href":"https:\/\/manna.pe\/en\/wp-json\/wp\/v2\/product\/11960"}],"collection":[{"href":"https:\/\/manna.pe\/en\/wp-json\/wp\/v2\/product"}],"about":[{"href":"https:\/\/manna.pe\/en\/wp-json\/wp\/v2\/types\/product"}],"wp:featuredmedia":[{"embeddable":true,"href":"https:\/\/manna.pe\/en\/wp-json\/wp\/v2\/media\/11708"}],"wp:attachment":[{"href":"https:\/\/manna.pe\/en\/wp-json\/wp\/v2\/media?parent=11960"}],"wp:term":[{"taxonomy":"product_brand","embeddable":true,"href":"https:\/\/manna.pe\/en\/wp-json\/wp\/v2\/product_brand?post=11960"},{"taxonomy":"product_cat","embeddable":true,"href":"https:\/\/manna.pe\/en\/wp-json\/wp\/v2\/product_cat?post=11960"},{"taxonomy":"product_tag","embeddable":true,"href":"https:\/\/manna.pe\/en\/wp-json\/wp\/v2\/product_tag?post=11960"}],"curies":[{"name":"wp","href":"https:\/\/api.w.org\/{rel}","templated":true}]}}