{"id":11957,"date":"2024-10-06T17:24:10","date_gmt":"2024-10-06T22:24:10","guid":{"rendered":"https:\/\/manna.pe\/?post_type=product&#038;p=11957"},"modified":"2024-12-06T18:05:35","modified_gmt":"2024-12-06T23:05:35","slug":"bano-de-florecimiento-limpieza-energetica","status":"publish","type":"product","link":"https:\/\/manna.pe\/en\/producto\/bano-de-florecimiento-limpieza-energetica\/","title":{"rendered":"Ba\u00f1o de Florecimiento Limpieza Energ\u00e9tica"},"content":{"rendered":"<p>Este ba\u00f1o de limpieza energ\u00e9tica es ideal para eliminar energ\u00edas negativas y atraer buena vibra a tu vida. Con ingredientes como sal marina, ruda, eucalipto, romero, albaca, salvia, y laurel, este ritual te ayudar\u00e1 a sentirte renovado. Para su uso, hierve el contenido en agua y deja reposar. \u00dasalo preferiblemente por la ma\u00f1ana, desde la cabeza a los pies, visualizando la liberaci\u00f3n de malas energ\u00edas. Disfruta de un ba\u00f1o reparador y renueva tu energ\u00eda con este poderoso elixir natural. Contenido: 500g.<\/p>\n","protected":false},"excerpt":{"rendered":"<p>Este ba\u00f1o de limpieza energ\u00e9tica es ideal para eliminar energ\u00edas negativas y atraer buena vibra a tu vida. Con ingredientes como sal marina, ruda, eucalipto, romero, albaca, salvia, y laurel, este ritual te ayudar\u00e1 a sentirte renovado. Para su uso, hierve el contenido en agua y deja reposar. \u00dasalo preferiblemente por la ma\u00f1ana, desde la [&hellip;]<\/p>\n","protected":false},"featured_media":11706,"template":"","meta":{"_acf_changed":false},"product_brand":[],"product_cat":[474,2146],"product_tag":[],"class_list":{"0":"post-11957","1":"product","2":"type-product","3":"status-publish","4":"has-post-thumbnail","6":"product_cat-belleza-y-bienestar","7":"product_cat-bano-de-florecimiento","9":"first","10":"instock","11":"shipping-taxable","12":"purchasable","13":"product-type-simple"},"acf":[],"_links":{"self":[{"href":"https:\/\/manna.pe\/en\/wp-json\/wp\/v2\/product\/11957"}],"collection":[{"href":"https:\/\/manna.pe\/en\/wp-json\/wp\/v2\/product"}],"about":[{"href":"https:\/\/manna.pe\/en\/wp-json\/wp\/v2\/types\/product"}],"wp:featuredmedia":[{"embeddable":true,"href":"https:\/\/manna.pe\/en\/wp-json\/wp\/v2\/media\/11706"}],"wp:attachment":[{"href":"https:\/\/manna.pe\/en\/wp-json\/wp\/v2\/media?parent=11957"}],"wp:term":[{"taxonomy":"product_brand","embeddable":true,"href":"https:\/\/manna.pe\/en\/wp-json\/wp\/v2\/product_brand?post=11957"},{"taxonomy":"product_cat","embeddable":true,"href":"https:\/\/manna.pe\/en\/wp-json\/wp\/v2\/product_cat?post=11957"},{"taxonomy":"product_tag","embeddable":true,"href":"https:\/\/manna.pe\/en\/wp-json\/wp\/v2\/product_tag?post=11957"}],"curies":[{"name":"wp","href":"https:\/\/api.w.org\/{rel}","templated":true}]}}