{"id":11956,"date":"2024-10-06T16:41:13","date_gmt":"2024-10-06T21:41:13","guid":{"rendered":"https:\/\/manna.pe\/?post_type=product&#038;p=11956"},"modified":"2024-10-25T20:54:30","modified_gmt":"2024-10-26T01:54:30","slug":"vela-de-intencion-feliz-vuelta-al-sol","status":"publish","type":"product","link":"https:\/\/manna.pe\/en\/producto\/vela-de-intencion-feliz-vuelta-al-sol\/","title":{"rendered":"Vela de intenci\u00f3n Feliz Vuelta al Sol"},"content":{"rendered":"<p>Vela m\u00e1gica creada para celebrar la vida y cumplir sue\u00f1os. Potenciada con cuarzo, esta vela de 150 ml de soya natural es el regalo perfecto para desear lo mejor en un nuevo\u00a0ciclo\u00a0de\u00a0vida.<\/p>\n","protected":false},"excerpt":{"rendered":"<p>Vela m\u00e1gica creada para celebrar la vida y cumplir sue\u00f1os. Potenciada con cuarzo, esta vela de 150 ml de soya natural es el regalo perfecto para desear lo mejor en un nuevo\u00a0ciclo\u00a0de\u00a0vida.<\/p>\n","protected":false},"featured_media":11703,"template":"","meta":{"_acf_changed":false},"product_brand":[],"product_cat":[474,2226,2227,30,1432],"product_tag":[],"class_list":{"0":"post-11956","1":"product","2":"type-product","3":"status-publish","4":"has-post-thumbnail","6":"product_cat-belleza-y-bienestar","7":"product_cat-celebraciones","8":"product_cat-cumpleanos","9":"product_cat-decohogar","10":"product_cat-velas","12":"first","13":"instock","14":"shipping-taxable","15":"purchasable","16":"product-type-simple"},"acf":[],"_links":{"self":[{"href":"https:\/\/manna.pe\/en\/wp-json\/wp\/v2\/product\/11956"}],"collection":[{"href":"https:\/\/manna.pe\/en\/wp-json\/wp\/v2\/product"}],"about":[{"href":"https:\/\/manna.pe\/en\/wp-json\/wp\/v2\/types\/product"}],"wp:featuredmedia":[{"embeddable":true,"href":"https:\/\/manna.pe\/en\/wp-json\/wp\/v2\/media\/11703"}],"wp:attachment":[{"href":"https:\/\/manna.pe\/en\/wp-json\/wp\/v2\/media?parent=11956"}],"wp:term":[{"taxonomy":"product_brand","embeddable":true,"href":"https:\/\/manna.pe\/en\/wp-json\/wp\/v2\/product_brand?post=11956"},{"taxonomy":"product_cat","embeddable":true,"href":"https:\/\/manna.pe\/en\/wp-json\/wp\/v2\/product_cat?post=11956"},{"taxonomy":"product_tag","embeddable":true,"href":"https:\/\/manna.pe\/en\/wp-json\/wp\/v2\/product_tag?post=11956"}],"curies":[{"name":"wp","href":"https:\/\/api.w.org\/{rel}","templated":true}]}}