{"id":11955,"date":"2024-10-06T16:31:05","date_gmt":"2024-10-06T21:31:05","guid":{"rendered":"https:\/\/manna.pe\/?post_type=product&#038;p=11955"},"modified":"2024-10-25T20:54:30","modified_gmt":"2024-10-26T01:54:30","slug":"vela-de-intencion-vibras-de-amor","status":"publish","type":"product","link":"https:\/\/manna.pe\/en\/producto\/vela-de-intencion-vibras-de-amor\/","title":{"rendered":"Vela de Intenci\u00f3n Vibras de Amor"},"content":{"rendered":"<p>Vela creada para atraer amor y armon\u00eda. Hecha con rosas, jazm\u00edn, cuarzo rosa y rodonita, esta mezcla especial eleva la energ\u00eda del amor en tu espacio. 250 ml de cera de soya natural, ideal para ambientes acogedores<\/p>\n","protected":false},"excerpt":{"rendered":"<p>Vela creada para atraer amor y armon\u00eda. Hecha con rosas, jazm\u00edn, cuarzo rosa y rodonita, esta mezcla especial eleva la energ\u00eda del amor en tu espacio. 250 ml de cera de soya natural, ideal para ambientes acogedores<\/p>\n","protected":false},"featured_media":11700,"template":"","meta":{"_acf_changed":false},"product_brand":[],"product_cat":[474,2226,2230,30,1432],"product_tag":[],"class_list":{"0":"post-11955","1":"product","2":"type-product","3":"status-publish","4":"has-post-thumbnail","6":"product_cat-belleza-y-bienestar","7":"product_cat-celebraciones","8":"product_cat-amor","9":"product_cat-decohogar","10":"product_cat-velas","12":"first","13":"instock","14":"shipping-taxable","15":"purchasable","16":"product-type-simple"},"acf":[],"_links":{"self":[{"href":"https:\/\/manna.pe\/en\/wp-json\/wp\/v2\/product\/11955"}],"collection":[{"href":"https:\/\/manna.pe\/en\/wp-json\/wp\/v2\/product"}],"about":[{"href":"https:\/\/manna.pe\/en\/wp-json\/wp\/v2\/types\/product"}],"wp:featuredmedia":[{"embeddable":true,"href":"https:\/\/manna.pe\/en\/wp-json\/wp\/v2\/media\/11700"}],"wp:attachment":[{"href":"https:\/\/manna.pe\/en\/wp-json\/wp\/v2\/media?parent=11955"}],"wp:term":[{"taxonomy":"product_brand","embeddable":true,"href":"https:\/\/manna.pe\/en\/wp-json\/wp\/v2\/product_brand?post=11955"},{"taxonomy":"product_cat","embeddable":true,"href":"https:\/\/manna.pe\/en\/wp-json\/wp\/v2\/product_cat?post=11955"},{"taxonomy":"product_tag","embeddable":true,"href":"https:\/\/manna.pe\/en\/wp-json\/wp\/v2\/product_tag?post=11955"}],"curies":[{"name":"wp","href":"https:\/\/api.w.org\/{rel}","templated":true}]}}