{"id":11953,"date":"2024-10-06T16:23:33","date_gmt":"2024-10-06T21:23:33","guid":{"rendered":"https:\/\/manna.pe\/?post_type=product&#038;p=11953"},"modified":"2024-10-25T20:54:30","modified_gmt":"2024-10-26T01:54:30","slug":"vela-de-intencion-protege-tu-energia","status":"publish","type":"product","link":"https:\/\/manna.pe\/en\/producto\/vela-de-intencion-protege-tu-energia\/","title":{"rendered":"Vela de Intenci\u00f3n Protege tu Energ\u00eda"},"content":{"rendered":"<p>Vela para protecci\u00f3n energ\u00e9tica. Contiene ojo turco, turmalina, cuarzo cristal, pirita, palo santo, s\u00e1ndalo y coco. Ideal para limpiar energ\u00edas y elevar la vibraci\u00f3n en tu hogar. 150 ml, soya natural.<\/p>\n","protected":false},"excerpt":{"rendered":"<p>Vela para protecci\u00f3n energ\u00e9tica. Contiene ojo turco, turmalina, cuarzo cristal, pirita, palo santo, s\u00e1ndalo y coco. Ideal para limpiar energ\u00edas y elevar la vibraci\u00f3n en tu hogar. 150 ml, soya natural.<\/p>\n","protected":false},"featured_media":11694,"template":"","meta":{"_acf_changed":false},"product_brand":[],"product_cat":[474,30,1432],"product_tag":[],"class_list":{"0":"post-11953","1":"product","2":"type-product","3":"status-publish","4":"has-post-thumbnail","6":"product_cat-belleza-y-bienestar","7":"product_cat-decohogar","8":"product_cat-velas","10":"first","11":"instock","12":"shipping-taxable","13":"purchasable","14":"product-type-simple"},"acf":[],"_links":{"self":[{"href":"https:\/\/manna.pe\/en\/wp-json\/wp\/v2\/product\/11953"}],"collection":[{"href":"https:\/\/manna.pe\/en\/wp-json\/wp\/v2\/product"}],"about":[{"href":"https:\/\/manna.pe\/en\/wp-json\/wp\/v2\/types\/product"}],"wp:featuredmedia":[{"embeddable":true,"href":"https:\/\/manna.pe\/en\/wp-json\/wp\/v2\/media\/11694"}],"wp:attachment":[{"href":"https:\/\/manna.pe\/en\/wp-json\/wp\/v2\/media?parent=11953"}],"wp:term":[{"taxonomy":"product_brand","embeddable":true,"href":"https:\/\/manna.pe\/en\/wp-json\/wp\/v2\/product_brand?post=11953"},{"taxonomy":"product_cat","embeddable":true,"href":"https:\/\/manna.pe\/en\/wp-json\/wp\/v2\/product_cat?post=11953"},{"taxonomy":"product_tag","embeddable":true,"href":"https:\/\/manna.pe\/en\/wp-json\/wp\/v2\/product_tag?post=11953"}],"curies":[{"name":"wp","href":"https:\/\/api.w.org\/{rel}","templated":true}]}}