{"id":11951,"date":"2024-10-06T15:53:04","date_gmt":"2024-10-06T20:53:04","guid":{"rendered":"https:\/\/manna.pe\/?post_type=product&#038;p=11951"},"modified":"2025-11-26T18:19:47","modified_gmt":"2025-11-26T23:19:47","slug":"botella-de-proteccion-de-amor","status":"publish","type":"product","link":"https:\/\/manna.pe\/en\/producto\/botella-de-proteccion-de-amor\/","title":{"rendered":"Botella de protecci\u00f3n de Amor"},"content":{"rendered":"<p>Con cuarzo rosa, esta botella simboliza el amor y la paz. Ideal para atraer pasi\u00f3n y ternura, fomenta la armon\u00eda y el bienestar emocional, equilibrando el coraz\u00f3n\u00a0y\u00a0las\u00a0energ\u00edas<\/p>\n","protected":false},"excerpt":{"rendered":"<p>Con cuarzo rosa, esta botella simboliza el amor y la paz. Ideal para atraer pasi\u00f3n y ternura, fomenta la armon\u00eda y el bienestar emocional, equilibrando el coraz\u00f3n\u00a0y\u00a0las\u00a0energ\u00edas<\/p>\n","protected":false},"featured_media":11672,"template":"","meta":{"_acf_changed":false},"product_brand":[],"product_cat":[474],"product_tag":[],"class_list":{"0":"post-11951","1":"product","2":"type-product","3":"status-publish","4":"has-post-thumbnail","6":"product_cat-belleza-y-bienestar","8":"first","9":"instock","10":"shipping-taxable","11":"purchasable","12":"product-type-simple"},"acf":[],"_links":{"self":[{"href":"https:\/\/manna.pe\/en\/wp-json\/wp\/v2\/product\/11951"}],"collection":[{"href":"https:\/\/manna.pe\/en\/wp-json\/wp\/v2\/product"}],"about":[{"href":"https:\/\/manna.pe\/en\/wp-json\/wp\/v2\/types\/product"}],"wp:featuredmedia":[{"embeddable":true,"href":"https:\/\/manna.pe\/en\/wp-json\/wp\/v2\/media\/11672"}],"wp:attachment":[{"href":"https:\/\/manna.pe\/en\/wp-json\/wp\/v2\/media?parent=11951"}],"wp:term":[{"taxonomy":"product_brand","embeddable":true,"href":"https:\/\/manna.pe\/en\/wp-json\/wp\/v2\/product_brand?post=11951"},{"taxonomy":"product_cat","embeddable":true,"href":"https:\/\/manna.pe\/en\/wp-json\/wp\/v2\/product_cat?post=11951"},{"taxonomy":"product_tag","embeddable":true,"href":"https:\/\/manna.pe\/en\/wp-json\/wp\/v2\/product_tag?post=11951"}],"curies":[{"name":"wp","href":"https:\/\/api.w.org\/{rel}","templated":true}]}}