{"id":11950,"date":"2024-10-06T15:51:13","date_gmt":"2024-10-06T20:51:13","guid":{"rendered":"https:\/\/manna.pe\/?post_type=product&#038;p=11950"},"modified":"2025-11-26T18:19:57","modified_gmt":"2025-11-26T23:19:57","slug":"botella-de-proteccion-de-equilibrio","status":"publish","type":"product","link":"https:\/\/manna.pe\/en\/producto\/botella-de-proteccion-de-equilibrio\/","title":{"rendered":"Botella de Protecci\u00f3n de Equilibrio"},"content":{"rendered":"<p>Protege contra energ\u00edas negativas con la botella de cuarzo negro. Este cristal act\u00faa como un escudo, absorbiendo energ\u00edas da\u00f1inas y purificando el aura, creando un entorno seguro y equilibrado.<\/p>\n","protected":false},"excerpt":{"rendered":"<p>Protege contra energ\u00edas negativas con la botella de cuarzo negro. Este cristal act\u00faa como un escudo, absorbiendo energ\u00edas da\u00f1inas y purificando el aura, creando un entorno seguro y equilibrado.<\/p>\n","protected":false},"featured_media":11673,"template":"","meta":{"_acf_changed":false},"product_brand":[],"product_cat":[474],"product_tag":[],"class_list":{"0":"post-11950","1":"product","2":"type-product","3":"status-publish","4":"has-post-thumbnail","6":"product_cat-belleza-y-bienestar","8":"first","9":"instock","10":"shipping-taxable","11":"purchasable","12":"product-type-simple"},"acf":[],"_links":{"self":[{"href":"https:\/\/manna.pe\/en\/wp-json\/wp\/v2\/product\/11950"}],"collection":[{"href":"https:\/\/manna.pe\/en\/wp-json\/wp\/v2\/product"}],"about":[{"href":"https:\/\/manna.pe\/en\/wp-json\/wp\/v2\/types\/product"}],"wp:featuredmedia":[{"embeddable":true,"href":"https:\/\/manna.pe\/en\/wp-json\/wp\/v2\/media\/11673"}],"wp:attachment":[{"href":"https:\/\/manna.pe\/en\/wp-json\/wp\/v2\/media?parent=11950"}],"wp:term":[{"taxonomy":"product_brand","embeddable":true,"href":"https:\/\/manna.pe\/en\/wp-json\/wp\/v2\/product_brand?post=11950"},{"taxonomy":"product_cat","embeddable":true,"href":"https:\/\/manna.pe\/en\/wp-json\/wp\/v2\/product_cat?post=11950"},{"taxonomy":"product_tag","embeddable":true,"href":"https:\/\/manna.pe\/en\/wp-json\/wp\/v2\/product_tag?post=11950"}],"curies":[{"name":"wp","href":"https:\/\/api.w.org\/{rel}","templated":true}]}}