{"id":11949,"date":"2024-10-06T15:48:12","date_gmt":"2024-10-06T20:48:12","guid":{"rendered":"https:\/\/manna.pe\/?post_type=product&#038;p=11949"},"modified":"2025-11-26T18:20:13","modified_gmt":"2025-11-26T23:20:13","slug":"botella-de-proteccion-de-fuerza","status":"publish","type":"product","link":"https:\/\/manna.pe\/en\/producto\/botella-de-proteccion-de-fuerza\/","title":{"rendered":"Botella de protecci\u00f3n de Fuerza"},"content":{"rendered":"<p>Esta botella contiene cuarzo blanco, s\u00edmbolo de pureza y fuerza. Ideal para meditar, ayuda a equilibrar energ\u00edas y realizar limpiezas espirituales, brindando armon\u00eda al cuerpo, mente y alma.<\/p>\n","protected":false},"excerpt":{"rendered":"<p>Esta botella contiene cuarzo blanco, s\u00edmbolo de pureza y fuerza. Ideal para meditar, ayuda a equilibrar energ\u00edas y realizar limpiezas espirituales, brindando armon\u00eda al cuerpo, mente y alma.<\/p>\n","protected":false},"featured_media":11671,"template":"","meta":{"_acf_changed":false},"product_brand":[],"product_cat":[474],"product_tag":[],"class_list":{"0":"post-11949","1":"product","2":"type-product","3":"status-publish","4":"has-post-thumbnail","6":"product_cat-belleza-y-bienestar","8":"first","9":"instock","10":"shipping-taxable","11":"purchasable","12":"product-type-simple"},"acf":[],"_links":{"self":[{"href":"https:\/\/manna.pe\/en\/wp-json\/wp\/v2\/product\/11949"}],"collection":[{"href":"https:\/\/manna.pe\/en\/wp-json\/wp\/v2\/product"}],"about":[{"href":"https:\/\/manna.pe\/en\/wp-json\/wp\/v2\/types\/product"}],"wp:featuredmedia":[{"embeddable":true,"href":"https:\/\/manna.pe\/en\/wp-json\/wp\/v2\/media\/11671"}],"wp:attachment":[{"href":"https:\/\/manna.pe\/en\/wp-json\/wp\/v2\/media?parent=11949"}],"wp:term":[{"taxonomy":"product_brand","embeddable":true,"href":"https:\/\/manna.pe\/en\/wp-json\/wp\/v2\/product_brand?post=11949"},{"taxonomy":"product_cat","embeddable":true,"href":"https:\/\/manna.pe\/en\/wp-json\/wp\/v2\/product_cat?post=11949"},{"taxonomy":"product_tag","embeddable":true,"href":"https:\/\/manna.pe\/en\/wp-json\/wp\/v2\/product_tag?post=11949"}],"curies":[{"name":"wp","href":"https:\/\/api.w.org\/{rel}","templated":true}]}}