{"id":11746,"date":"2024-10-04T19:15:14","date_gmt":"2024-10-05T00:15:14","guid":{"rendered":"https:\/\/manna.pe\/?post_type=product&#038;p=11746"},"modified":"2025-11-26T18:20:38","modified_gmt":"2025-11-26T23:20:38","slug":"botellas-de-proteccion-de-prosperidad","status":"publish","type":"product","link":"https:\/\/manna.pe\/en\/producto\/botellas-de-proteccion-de-prosperidad\/","title":{"rendered":"Botella de protecci\u00f3n de Prosperidad"},"content":{"rendered":"<p>Las piedras verdes en esta botella representan prosperidad y abundancia. Col\u00f3cala en tu espacio para atraer \u00e9xito en todos tus proyectos y fomentar el crecimiento personal y econ\u00f3mico.<\/p>\n","protected":false},"excerpt":{"rendered":"<p>Las piedras verdes en esta botella representan prosperidad y abundancia. Col\u00f3cala en tu espacio para atraer \u00e9xito en todos tus proyectos y fomentar el crecimiento personal y econ\u00f3mico.<\/p>\n","protected":false},"featured_media":11666,"template":"","meta":{"_acf_changed":false},"product_brand":[],"product_cat":[474],"product_tag":[],"class_list":{"0":"post-11746","1":"product","2":"type-product","3":"status-publish","4":"has-post-thumbnail","6":"product_cat-belleza-y-bienestar","8":"first","9":"instock","10":"shipping-taxable","11":"purchasable","12":"product-type-simple"},"acf":[],"_links":{"self":[{"href":"https:\/\/manna.pe\/en\/wp-json\/wp\/v2\/product\/11746"}],"collection":[{"href":"https:\/\/manna.pe\/en\/wp-json\/wp\/v2\/product"}],"about":[{"href":"https:\/\/manna.pe\/en\/wp-json\/wp\/v2\/types\/product"}],"wp:featuredmedia":[{"embeddable":true,"href":"https:\/\/manna.pe\/en\/wp-json\/wp\/v2\/media\/11666"}],"wp:attachment":[{"href":"https:\/\/manna.pe\/en\/wp-json\/wp\/v2\/media?parent=11746"}],"wp:term":[{"taxonomy":"product_brand","embeddable":true,"href":"https:\/\/manna.pe\/en\/wp-json\/wp\/v2\/product_brand?post=11746"},{"taxonomy":"product_cat","embeddable":true,"href":"https:\/\/manna.pe\/en\/wp-json\/wp\/v2\/product_cat?post=11746"},{"taxonomy":"product_tag","embeddable":true,"href":"https:\/\/manna.pe\/en\/wp-json\/wp\/v2\/product_tag?post=11746"}],"curies":[{"name":"wp","href":"https:\/\/api.w.org\/{rel}","templated":true}]}}