{"id":11745,"date":"2024-10-04T19:09:34","date_gmt":"2024-10-05T00:09:34","guid":{"rendered":"https:\/\/manna.pe\/?post_type=product&#038;p=11745"},"modified":"2025-05-09T13:06:03","modified_gmt":"2025-05-09T18:06:03","slug":"kit-altares-de-felicidad-y-luz","status":"publish","type":"product","link":"https:\/\/manna.pe\/en\/producto\/kit-altares-de-felicidad-y-luz\/","title":{"rendered":"Kit Altares de Felicidad y Luz"},"content":{"rendered":"<p>Con\u00e9ctate con la energ\u00eda de sanaci\u00f3n y tranquilidad a trav\u00e9s de este kit que incluye cuarzo citrino, velas de lavanda, incienso floral, esencias arom\u00e1ticas y sal rosada. Contiene tambi\u00e9n romero y canela.<br \/>\nIncluye: Mini Botella de Protecci\u00f3n de Cuarzo Blanco que es s\u00edmbolo de fuerza, pureza, nobleza e inocencia, el cuarzo blanco se utiliza para meditar y hacer limpiezas espirituales del cuerpo, alma y mente, ya que ayuda a equilibrar las energ\u00edas.<\/p>\n","protected":false},"excerpt":{"rendered":"<p>Con\u00e9ctate con la energ\u00eda de sanaci\u00f3n y tranquilidad a trav\u00e9s de este kit que incluye cuarzo citrino, velas de lavanda, incienso floral, esencias arom\u00e1ticas y sal rosada. Contiene tambi\u00e9n romero y canela. Incluye: Mini Botella de Protecci\u00f3n de Cuarzo Blanco que es s\u00edmbolo de fuerza, pureza, nobleza e inocencia, el cuarzo blanco se utiliza para [&hellip;]<\/p>\n","protected":false},"featured_media":11665,"template":"","meta":{"_acf_changed":false},"product_brand":[],"product_cat":[474],"product_tag":[],"class_list":{"0":"post-11745","1":"product","2":"type-product","3":"status-publish","4":"has-post-thumbnail","6":"product_cat-belleza-y-bienestar","8":"first","9":"instock","10":"shipping-taxable","11":"purchasable","12":"product-type-simple"},"acf":[],"_links":{"self":[{"href":"https:\/\/manna.pe\/en\/wp-json\/wp\/v2\/product\/11745"}],"collection":[{"href":"https:\/\/manna.pe\/en\/wp-json\/wp\/v2\/product"}],"about":[{"href":"https:\/\/manna.pe\/en\/wp-json\/wp\/v2\/types\/product"}],"wp:featuredmedia":[{"embeddable":true,"href":"https:\/\/manna.pe\/en\/wp-json\/wp\/v2\/media\/11665"}],"wp:attachment":[{"href":"https:\/\/manna.pe\/en\/wp-json\/wp\/v2\/media?parent=11745"}],"wp:term":[{"taxonomy":"product_brand","embeddable":true,"href":"https:\/\/manna.pe\/en\/wp-json\/wp\/v2\/product_brand?post=11745"},{"taxonomy":"product_cat","embeddable":true,"href":"https:\/\/manna.pe\/en\/wp-json\/wp\/v2\/product_cat?post=11745"},{"taxonomy":"product_tag","embeddable":true,"href":"https:\/\/manna.pe\/en\/wp-json\/wp\/v2\/product_tag?post=11745"}],"curies":[{"name":"wp","href":"https:\/\/api.w.org\/{rel}","templated":true}]}}