{"id":10500,"date":"2023-10-17T12:51:20","date_gmt":"2023-10-17T17:51:20","guid":{"rendered":"https:\/\/manna.pe\/?post_type=product&#038;p=10500"},"modified":"2024-10-25T20:47:00","modified_gmt":"2024-10-26T01:47:00","slug":"jabon-de-moringa-y-melocoton","status":"publish","type":"product","link":"https:\/\/manna.pe\/en\/producto\/jabon-de-moringa-y-melocoton\/","title":{"rendered":"Jab\u00f3n de Moringa y Melocot\u00f3n"},"content":{"rendered":"<p><strong>Jab\u00f3n de Moringa y Melocot\u00f3n<\/strong><\/p>\n<p>Utiliza este jab\u00f3n para eliminar el acn\u00e9 , reduce manchas, ayuda a tratar dermatitis, soriasis, ros\u00e1cea y piel at\u00f3pica, apto para usar en rostro y cuerpo. Contiene hojas pulverizada de moringas, aceite de semilla de moringa, esencia de melocot\u00f3n, glicerina vegetal de coco y oliva.<\/p>\n","protected":false},"excerpt":{"rendered":"<p>Jab\u00f3n de Moringa y Melocot\u00f3n Utiliza este jab\u00f3n para eliminar el acn\u00e9 , reduce manchas, ayuda a tratar dermatitis, soriasis, ros\u00e1cea y piel at\u00f3pica, apto para usar en rostro y cuerpo. Contiene hojas pulverizada de moringas, aceite de semilla de moringa, esencia de melocot\u00f3n, glicerina vegetal de coco y oliva.<\/p>\n","protected":false},"featured_media":10495,"template":"","meta":{"_acf_changed":false},"product_brand":[],"product_cat":[474,480],"product_tag":[2150,2518,565,2513,867,1938],"class_list":{"0":"post-10500","1":"product","2":"type-product","3":"status-publish","4":"has-post-thumbnail","6":"product_cat-belleza-y-bienestar","7":"product_cat-cuidado-personal","8":"product_tag-jabones","9":"product_tag-melocoton","10":"product_tag-moringa","11":"product_tag-moringasu","12":"product_tag-relax","13":"product_tag-spa","15":"first","16":"instock","17":"shipping-taxable","18":"purchasable","19":"product-type-simple"},"acf":[],"_links":{"self":[{"href":"https:\/\/manna.pe\/en\/wp-json\/wp\/v2\/product\/10500"}],"collection":[{"href":"https:\/\/manna.pe\/en\/wp-json\/wp\/v2\/product"}],"about":[{"href":"https:\/\/manna.pe\/en\/wp-json\/wp\/v2\/types\/product"}],"wp:featuredmedia":[{"embeddable":true,"href":"https:\/\/manna.pe\/en\/wp-json\/wp\/v2\/media\/10495"}],"wp:attachment":[{"href":"https:\/\/manna.pe\/en\/wp-json\/wp\/v2\/media?parent=10500"}],"wp:term":[{"taxonomy":"product_brand","embeddable":true,"href":"https:\/\/manna.pe\/en\/wp-json\/wp\/v2\/product_brand?post=10500"},{"taxonomy":"product_cat","embeddable":true,"href":"https:\/\/manna.pe\/en\/wp-json\/wp\/v2\/product_cat?post=10500"},{"taxonomy":"product_tag","embeddable":true,"href":"https:\/\/manna.pe\/en\/wp-json\/wp\/v2\/product_tag?post=10500"}],"curies":[{"name":"wp","href":"https:\/\/api.w.org\/{rel}","templated":true}]}}