{"id":10498,"date":"2023-10-17T12:43:39","date_gmt":"2023-10-17T17:43:39","guid":{"rendered":"https:\/\/manna.pe\/?post_type=product&#038;p=10498"},"modified":"2024-10-25T20:45:31","modified_gmt":"2024-10-26T01:45:31","slug":"aceite-para-masajes-de-moringa","status":"publish","type":"product","link":"https:\/\/manna.pe\/en\/producto\/aceite-para-masajes-de-moringa\/","title":{"rendered":"Aceite para masajes de Moringa"},"content":{"rendered":"<p><strong>\u00a1Reg\u00e1late un momento para ti con este aceite para masajes de Moringa!<\/strong><\/p>\n<p><span data-sheets-value=\"{\" data-sheets-userformat=\"{\">Un aceite para masajes con efecto relajante y desinflamante ideal para masajear cuerpo y rostro, apto para beb\u00e9s. Aceite de semilla de moringa, cal\u00e9ndula, manzanilla y almendras. Aplicar en la zona deseada y esparcir con las manos masaje\u00e1ndose suavemente.<\/span><\/p>\n","protected":false},"excerpt":{"rendered":"<p>\u00a1Reg\u00e1late un momento para ti con este aceite para masajes de Moringa! Un aceite para masajes con efecto relajante y desinflamante ideal para masajear cuerpo y rostro, apto para beb\u00e9s. Aceite de semilla de moringa, cal\u00e9ndula, manzanilla y almendras. Aplicar en la zona deseada y esparcir con las manos masaje\u00e1ndose suavemente.<\/p>\n","protected":false},"featured_media":10494,"template":"","meta":{"_acf_changed":false},"product_brand":[],"product_cat":[474,480],"product_tag":[498,2516,565,2513,1620,867],"class_list":{"0":"post-10498","1":"product","2":"type-product","3":"status-publish","4":"has-post-thumbnail","6":"product_cat-belleza-y-bienestar","7":"product_cat-cuidado-personal","8":"product_tag-aceite","9":"product_tag-masajes","10":"product_tag-moringa","11":"product_tag-moringasu","12":"product_tag-relajacion","13":"product_tag-relax","15":"first","16":"instock","17":"shipping-taxable","18":"purchasable","19":"product-type-simple"},"acf":[],"_links":{"self":[{"href":"https:\/\/manna.pe\/en\/wp-json\/wp\/v2\/product\/10498"}],"collection":[{"href":"https:\/\/manna.pe\/en\/wp-json\/wp\/v2\/product"}],"about":[{"href":"https:\/\/manna.pe\/en\/wp-json\/wp\/v2\/types\/product"}],"wp:featuredmedia":[{"embeddable":true,"href":"https:\/\/manna.pe\/en\/wp-json\/wp\/v2\/media\/10494"}],"wp:attachment":[{"href":"https:\/\/manna.pe\/en\/wp-json\/wp\/v2\/media?parent=10498"}],"wp:term":[{"taxonomy":"product_brand","embeddable":true,"href":"https:\/\/manna.pe\/en\/wp-json\/wp\/v2\/product_brand?post=10498"},{"taxonomy":"product_cat","embeddable":true,"href":"https:\/\/manna.pe\/en\/wp-json\/wp\/v2\/product_cat?post=10498"},{"taxonomy":"product_tag","embeddable":true,"href":"https:\/\/manna.pe\/en\/wp-json\/wp\/v2\/product_tag?post=10498"}],"curies":[{"name":"wp","href":"https:\/\/api.w.org\/{rel}","templated":true}]}}