{"id":10497,"date":"2023-10-17T12:44:23","date_gmt":"2023-10-17T17:44:23","guid":{"rendered":"https:\/\/manna.pe\/?post_type=product&#038;p=10497"},"modified":"2024-10-25T20:45:59","modified_gmt":"2024-10-26T01:45:59","slug":"aceite-de-moringa","status":"publish","type":"product","link":"https:\/\/manna.pe\/en\/producto\/aceite-de-moringa\/","title":{"rendered":"Aceite de Moringa"},"content":{"rendered":"<p>Un aceite con m\u00faltiples usos para ti.<\/p>\n<p>Este aceite t<span data-sheets-value=\"{\" data-sheets-userformat=\"{\">iene propiedades antis\u00e9pticas y antiinflamatorias, sirve para tratar problemas de acn\u00e9, cuenta con un gran poder antioxidante, nutre hidrata el cabello. Alto contenido de vitamina A C y E<\/span><\/p>\n<ul>\n<li>Aceite alto en acido oleico ,acido grasos, omega 3 , vitamina A, C y E.<\/li>\n<li>Dosificaci\u00f3n sublingual 10 gotas &#8211; Cuerpo y cabello 5 gotas (esparcir con los dedos)<\/li>\n<\/ul>\n","protected":false},"excerpt":{"rendered":"<p>Un aceite con m\u00faltiples usos para ti. Este aceite tiene propiedades antis\u00e9pticas y antiinflamatorias, sirve para tratar problemas de acn\u00e9, cuenta con un gran poder antioxidante, nutre hidrata el cabello. Alto contenido de vitamina A C y E Aceite alto en acido oleico ,acido grasos, omega 3 , vitamina A, C y E. Dosificaci\u00f3n sublingual [&hellip;]<\/p>\n","protected":false},"featured_media":10493,"template":"","meta":{"_acf_changed":false},"product_brand":[],"product_cat":[474,480],"product_tag":[498,2517,528,565,2513,1620],"class_list":{"0":"post-10497","1":"product","2":"type-product","3":"status-publish","4":"has-post-thumbnail","6":"product_cat-belleza-y-bienestar","7":"product_cat-cuidado-personal","8":"product_tag-aceite","9":"product_tag-aceites-naturales","10":"product_tag-hidratacion","11":"product_tag-moringa","12":"product_tag-moringasu","13":"product_tag-relajacion","15":"first","16":"instock","17":"shipping-taxable","18":"purchasable","19":"product-type-simple"},"acf":[],"_links":{"self":[{"href":"https:\/\/manna.pe\/en\/wp-json\/wp\/v2\/product\/10497"}],"collection":[{"href":"https:\/\/manna.pe\/en\/wp-json\/wp\/v2\/product"}],"about":[{"href":"https:\/\/manna.pe\/en\/wp-json\/wp\/v2\/types\/product"}],"wp:featuredmedia":[{"embeddable":true,"href":"https:\/\/manna.pe\/en\/wp-json\/wp\/v2\/media\/10493"}],"wp:attachment":[{"href":"https:\/\/manna.pe\/en\/wp-json\/wp\/v2\/media?parent=10497"}],"wp:term":[{"taxonomy":"product_brand","embeddable":true,"href":"https:\/\/manna.pe\/en\/wp-json\/wp\/v2\/product_brand?post=10497"},{"taxonomy":"product_cat","embeddable":true,"href":"https:\/\/manna.pe\/en\/wp-json\/wp\/v2\/product_cat?post=10497"},{"taxonomy":"product_tag","embeddable":true,"href":"https:\/\/manna.pe\/en\/wp-json\/wp\/v2\/product_tag?post=10497"}],"curies":[{"name":"wp","href":"https:\/\/api.w.org\/{rel}","templated":true}]}}