{"id":10491,"date":"2023-10-17T12:41:42","date_gmt":"2023-10-17T17:41:42","guid":{"rendered":"https:\/\/manna.pe\/?post_type=product&#038;p=10491"},"modified":"2024-10-25T20:43:19","modified_gmt":"2024-10-26T01:43:19","slug":"capsula-de-moringa","status":"publish","type":"product","link":"https:\/\/manna.pe\/en\/producto\/capsula-de-moringa\/","title":{"rendered":"C\u00e1psula de Moringa"},"content":{"rendered":"<p><strong>C\u00e1psula de Moringa para una vida llena de bienestar natural.<\/strong><\/p>\n<p>Estas c\u00e1psulas son eficaz para la anemia ,estre\u00f1imiento, migra\u00f1a, estr\u00e9s ,diabetes, asma, dolores articulares y menstruales. Contiene 90 c\u00e1psulas vegetales de moringa ole\u00edfera en polvo.<\/p>\n","protected":false},"excerpt":{"rendered":"<p>C\u00e1psula de Moringa para una vida llena de bienestar natural. Estas c\u00e1psulas son eficaz para la anemia ,estre\u00f1imiento, migra\u00f1a, estr\u00e9s ,diabetes, asma, dolores articulares y menstruales. Contiene 90 c\u00e1psulas vegetales de moringa ole\u00edfera en polvo.<\/p>\n","protected":false},"featured_media":10492,"template":"","meta":{"_acf_changed":false},"product_brand":[],"product_cat":[474,480],"product_tag":[2515,491,504,2514,488,565,2513,553],"class_list":{"0":"post-10491","1":"product","2":"type-product","3":"status-publish","4":"has-post-thumbnail","6":"product_cat-belleza-y-bienestar","7":"product_cat-cuidado-personal","8":"product_tag-ansiedad","9":"product_tag-antiestres","10":"product_tag-bienestar","11":"product_tag-capsulas","12":"product_tag-estres","13":"product_tag-moringa","14":"product_tag-moringasu","15":"product_tag-natural","17":"first","18":"instock","19":"shipping-taxable","20":"purchasable","21":"product-type-simple"},"acf":[],"_links":{"self":[{"href":"https:\/\/manna.pe\/en\/wp-json\/wp\/v2\/product\/10491"}],"collection":[{"href":"https:\/\/manna.pe\/en\/wp-json\/wp\/v2\/product"}],"about":[{"href":"https:\/\/manna.pe\/en\/wp-json\/wp\/v2\/types\/product"}],"wp:featuredmedia":[{"embeddable":true,"href":"https:\/\/manna.pe\/en\/wp-json\/wp\/v2\/media\/10492"}],"wp:attachment":[{"href":"https:\/\/manna.pe\/en\/wp-json\/wp\/v2\/media?parent=10491"}],"wp:term":[{"taxonomy":"product_brand","embeddable":true,"href":"https:\/\/manna.pe\/en\/wp-json\/wp\/v2\/product_brand?post=10491"},{"taxonomy":"product_cat","embeddable":true,"href":"https:\/\/manna.pe\/en\/wp-json\/wp\/v2\/product_cat?post=10491"},{"taxonomy":"product_tag","embeddable":true,"href":"https:\/\/manna.pe\/en\/wp-json\/wp\/v2\/product_tag?post=10491"}],"curies":[{"name":"wp","href":"https:\/\/api.w.org\/{rel}","templated":true}]}}