{"id":10027,"date":"2023-07-13T11:17:03","date_gmt":"2023-07-13T16:17:03","guid":{"rendered":"https:\/\/manna.pe\/?post_type=product&#038;p=10027"},"modified":"2024-12-15T18:19:37","modified_gmt":"2024-12-15T23:19:37","slug":"medias-llamitas-de-colores","status":"publish","type":"product","link":"https:\/\/manna.pe\/en\/producto\/medias-llamitas-de-colores\/","title":{"rendered":"Medias Llamitas de colores"},"content":{"rendered":"<p>Todas nuestras medias son dise\u00f1adas y producidas en Per\u00fa.<\/p>\n<p>Cada media est\u00e1 compuesta por:<\/p>\n<p>85% Algod\u00f3n Peruano Peinado<\/p>\n<p>Color de Fondo: Acero con Llamitas de colores<\/p>\n<p><strong>Talla: M (36 al 39)<\/strong><\/p>\n","protected":false},"excerpt":{"rendered":"<p>Todas nuestras medias son dise\u00f1adas y producidas en Per\u00fa. Cada media est\u00e1 compuesta por: 85% Algod\u00f3n Peruano Peinado Color de Fondo: Acero con Llamitas de colores Talla: M (36 al 39)<\/p>\n","protected":false},"featured_media":10033,"template":"","meta":{"_acf_changed":false},"product_brand":[],"product_cat":[2231,1232,1233,2168],"product_tag":[1835,2345,191,46,160,189],"class_list":{"0":"post-10027","1":"product","2":"type-product","3":"status-publish","4":"has-post-thumbnail","6":"product_cat-recuerdos-peru","7":"product_cat-moda","8":"product_cat-mujer","9":"product_cat-medias","10":"product_tag-colores","11":"product_tag-fiestas-patrias","12":"product_tag-calcetines","13":"product_tag-medias","14":"product_tag-peru","15":"product_tag-thre3","17":"first","18":"outofstock","19":"shipping-taxable","20":"purchasable","21":"product-type-simple"},"acf":[],"_links":{"self":[{"href":"https:\/\/manna.pe\/en\/wp-json\/wp\/v2\/product\/10027"}],"collection":[{"href":"https:\/\/manna.pe\/en\/wp-json\/wp\/v2\/product"}],"about":[{"href":"https:\/\/manna.pe\/en\/wp-json\/wp\/v2\/types\/product"}],"wp:featuredmedia":[{"embeddable":true,"href":"https:\/\/manna.pe\/en\/wp-json\/wp\/v2\/media\/10033"}],"wp:attachment":[{"href":"https:\/\/manna.pe\/en\/wp-json\/wp\/v2\/media?parent=10027"}],"wp:term":[{"taxonomy":"product_brand","embeddable":true,"href":"https:\/\/manna.pe\/en\/wp-json\/wp\/v2\/product_brand?post=10027"},{"taxonomy":"product_cat","embeddable":true,"href":"https:\/\/manna.pe\/en\/wp-json\/wp\/v2\/product_cat?post=10027"},{"taxonomy":"product_tag","embeddable":true,"href":"https:\/\/manna.pe\/en\/wp-json\/wp\/v2\/product_tag?post=10027"}],"curies":[{"name":"wp","href":"https:\/\/api.w.org\/{rel}","templated":true}]}}