{"id":459,"date":"2019-11-19T14:41:57","date_gmt":"2019-11-19T13:41:57","guid":{"rendered":"http:\/\/w6c.d8d.mywebsitetransfer.com\/?page_id=459"},"modified":"2022-10-18T14:57:30","modified_gmt":"2022-10-18T19:57:30","slug":"nosotros","status":"publish","type":"page","link":"https:\/\/manna.pe\/en\/nosotros\/","title":{"rendered":"Nosotros"},"content":{"rendered":"<p>[vc_row][vc_column][vc_column_text]<\/p>\n<h1 style=\"text-align: center;\">\u00a1BIENVENIDOS A MANNA!<\/h1>\n<hr \/>\n<p>[\/vc_column_text][\/vc_column][\/vc_row][vc_row][vc_column][vc_column_text]<\/p>\n<p style=\"font-weight: 400;\">Qu\u00e9 es MANNA?<\/p>\n<p style=\"font-weight: 400;\">Me llamo Paola, un d\u00eda decid\u00ed salir de mi zona de confort y convertirme en una mujer independiente, quer\u00eda hacer algo distinto, que genere sonrisas, satisfacci\u00f3n, que sea fuera de lo com\u00fan y as\u00ed naci\u00f3 MANNA en el 2009.<\/p>\n<p style=\"font-weight: 400;\">Comenc\u00e9 con 10 marcas de dise\u00f1adores independientes peruanos y luego de 3 a\u00f1os lleg\u00f3 un nuevo reto; lograr que las personas encuentren los regalos que produzcan alegr\u00edas, abrazos, besos y hasta que cumplan sue\u00f1os.<\/p>\n<p style=\"font-weight: 400;\">Nuestro prop\u00f3sito principal es que no haya fecha para regalar as\u00ed que si eres aquella persona que le gusta sorprender continuamente, escapar del aburrimiento y experimentar el mundo a su manera, est\u00e1s en el lugar indicado.<\/p>\n<p style=\"font-weight: 400;\">Te invito a sumarte a nuestro peque\u00f1o mundo y contagiarte de \u00e9l.<\/p>\n<p style=\"font-weight: 400;\">Bienvenido a Manna<\/p>\n<p>[\/vc_column_text][\/vc_column][\/vc_row][vc_row][vc_column][vc_column_text]<\/p>\n<h1 style=\"text-align: center;\">\u00a1EMPIEZA A COMPRAR!<\/h1>\n<h4>De todo, como en mercado<\/h4>\n<hr \/>\n<div class=\"wrapp-categories-product owl-carousel\"><div class=\"item-category-product\"><a href=\"https:\/\/manna.pe\/en\/categoria-producto\/belleza-y-bienestar\/\" ><img decoding=\"async\" src=\"https:\/\/manna.pe\/wp-content\/uploads\/2021\/11\/ico-belleza.png\" \/><\/a><p><a href=\"https:\/\/manna.pe\/en\/categoria-producto\/belleza-y-bienestar\/\" >Bienestar<\/a><\/p><\/div><div class=\"item-category-product\"><p><a href=\"https:\/\/manna.pe\/en\/categoria-producto\/celebraciones\/\" >Celebraciones<\/a><\/p><\/div><div class=\"item-category-product\"><p><a href=\"https:\/\/manna.pe\/en\/categoria-producto\/recuerdos-peru\/\" >Contigo Per\u00fa<\/a><\/p><\/div><div class=\"item-category-product\"><a href=\"https:\/\/manna.pe\/en\/categoria-producto\/decohogar\/\" ><img decoding=\"async\" src=\"https:\/\/manna.pe\/wp-content\/uploads\/2021\/11\/ico-hogar.png\" \/><\/a><p><a href=\"https:\/\/manna.pe\/en\/categoria-producto\/decohogar\/\" >Decoraci\u00f3n<\/a><\/p><\/div><div class=\"item-category-product\"><a href=\"https:\/\/manna.pe\/en\/categoria-producto\/moda\/\" ><img decoding=\"async\" src=\"https:\/\/manna.pe\/wp-content\/uploads\/2021\/11\/ico-moda.png\" \/><\/a><p><a href=\"https:\/\/manna.pe\/en\/categoria-producto\/moda\/\" >Moda & Joyer\u00eda<\/a><\/p><\/div><div class=\"item-category-product\"><p><a href=\"https:\/\/manna.pe\/en\/categoria-producto\/ramos-de-flores-secas\/\" >Ramos de Flores<\/a><\/p><\/div><\/div>[\/vc_column_text][\/vc_column][\/vc_row]<\/p>\n","protected":false},"excerpt":{"rendered":"<p>[vc_row][vc_column][vc_column_text] \u00a1BIENVENIDOS A MANNA! [\/vc_column_text][\/vc_column][\/vc_row][vc_row][vc_column][vc_column_text] Qu\u00e9 es MANNA? Me llamo Paola, un d\u00eda decid\u00ed salir de mi zona de confort y convertirme en una mujer independiente, quer\u00eda hacer algo distinto, que genere sonrisas, satisfacci\u00f3n, que sea fuera de lo com\u00fan y as\u00ed naci\u00f3 MANNA en el 2009. Comenc\u00e9 con 10 marcas de dise\u00f1adores independientes peruanos [&hellip;]<\/p>\n","protected":false},"author":1,"featured_media":0,"parent":0,"menu_order":0,"comment_status":"closed","ping_status":"closed","template":"full-width.php","meta":{"_acf_changed":false,"footnotes":""},"class_list":["post-459","page","type-page","status-publish","hentry"],"acf":[],"_links":{"self":[{"href":"https:\/\/manna.pe\/en\/wp-json\/wp\/v2\/pages\/459"}],"collection":[{"href":"https:\/\/manna.pe\/en\/wp-json\/wp\/v2\/pages"}],"about":[{"href":"https:\/\/manna.pe\/en\/wp-json\/wp\/v2\/types\/page"}],"author":[{"embeddable":true,"href":"https:\/\/manna.pe\/en\/wp-json\/wp\/v2\/users\/1"}],"replies":[{"embeddable":true,"href":"https:\/\/manna.pe\/en\/wp-json\/wp\/v2\/comments?post=459"}],"version-history":[{"count":25,"href":"https:\/\/manna.pe\/en\/wp-json\/wp\/v2\/pages\/459\/revisions"}],"predecessor-version":[{"id":6404,"href":"https:\/\/manna.pe\/en\/wp-json\/wp\/v2\/pages\/459\/revisions\/6404"}],"wp:attachment":[{"href":"https:\/\/manna.pe\/en\/wp-json\/wp\/v2\/media?parent=459"}],"curies":[{"name":"wp","href":"https:\/\/api.w.org\/{rel}","templated":true}]}}