{"id":32,"date":"2019-10-25T01:45:12","date_gmt":"2019-10-24T23:45:12","guid":{"rendered":"http:\/\/w6c.d8d.mywebsitetransfer.com\/?page_id=32"},"modified":"2021-11-18T09:35:19","modified_gmt":"2021-11-18T14:35:19","slug":"formas-de-pago","status":"publish","type":"page","link":"https:\/\/manna.pe\/en\/formas-de-pago\/","title":{"rendered":"Formas de Pago"},"content":{"rendered":"<p>[vc_row][vc_column][vc_column_text]<\/p>\n<h1 style=\"text-align: center;\">FORMAS DE PAGO<\/h1>\n<hr \/>\n<p>[\/vc_column_text][\/vc_column][\/vc_row][vc_row][vc_column width=&#8221;1\/2&#8243;][vc_column_text]<\/p>\n<h3>C\u00f3mo pago?<\/h3>\n<p>Es muy sencillo, a trav\u00e9s de nuestra plataforma podr\u00e1s pagar todas tus compras con la mayor\u00eda de las tarjetas. Trabajamos con la plataforma de Culqui Peru. Tambi\u00e9n puedes realizar la compra a trav\u00e9s de transferencia bancaria.<\/p>\n<p>En caso dep\u00f3site o transfiera no olvides enviar tu constancia o voucher v\u00eda correo electr\u00f3nico a ventas@manna.pe<\/p>\n<h3>Puedo cancelar mi pedido?<\/h3>\n<p>Una vez realizado el pago no se puede cancelar el pedido.<\/p>\n<h3>Puedo devolver un producto?<\/h3>\n<p>S\u00f3lo aceptamos cambios o devoluciones si el producto lleg\u00f3 en mal estado o si recibiste un producto equivocado.[\/vc_column_text][\/vc_column][\/vc_row]<\/p>\n","protected":false},"excerpt":{"rendered":"<p>[vc_row][vc_column][vc_column_text] FORMAS DE PAGO [\/vc_column_text][\/vc_column][\/vc_row][vc_row][vc_column width=&#8221;1\/2&#8243;][vc_column_text] C\u00f3mo pago? Es muy sencillo, a trav\u00e9s de nuestra plataforma podr\u00e1s pagar todas tus compras con la mayor\u00eda de las tarjetas. Trabajamos con la plataforma de Culqui Peru. Tambi\u00e9n puedes realizar la compra a trav\u00e9s de transferencia bancaria. En caso dep\u00f3site o transfiera no olvides enviar tu constancia o [&hellip;]<\/p>\n","protected":false},"author":1,"featured_media":6346,"parent":0,"menu_order":0,"comment_status":"closed","ping_status":"closed","template":"full-width.php","meta":{"_acf_changed":false,"footnotes":""},"class_list":["post-32","page","type-page","status-publish","has-post-thumbnail","hentry"],"acf":[],"_links":{"self":[{"href":"https:\/\/manna.pe\/en\/wp-json\/wp\/v2\/pages\/32"}],"collection":[{"href":"https:\/\/manna.pe\/en\/wp-json\/wp\/v2\/pages"}],"about":[{"href":"https:\/\/manna.pe\/en\/wp-json\/wp\/v2\/types\/page"}],"author":[{"embeddable":true,"href":"https:\/\/manna.pe\/en\/wp-json\/wp\/v2\/users\/1"}],"replies":[{"embeddable":true,"href":"https:\/\/manna.pe\/en\/wp-json\/wp\/v2\/comments?post=32"}],"version-history":[{"count":11,"href":"https:\/\/manna.pe\/en\/wp-json\/wp\/v2\/pages\/32\/revisions"}],"predecessor-version":[{"id":5780,"href":"https:\/\/manna.pe\/en\/wp-json\/wp\/v2\/pages\/32\/revisions\/5780"}],"wp:featuredmedia":[{"embeddable":true,"href":"https:\/\/manna.pe\/en\/wp-json\/wp\/v2\/media\/6346"}],"wp:attachment":[{"href":"https:\/\/manna.pe\/en\/wp-json\/wp\/v2\/media?parent=32"}],"curies":[{"name":"wp","href":"https:\/\/api.w.org\/{rel}","templated":true}]}}