{"id":26,"date":"2019-10-25T01:40:32","date_gmt":"2019-10-24T23:40:32","guid":{"rendered":"http:\/\/w6c.d8d.mywebsitetransfer.com\/?page_id=26"},"modified":"2021-11-18T09:37:40","modified_gmt":"2021-11-18T14:37:40","slug":"preguntas-frecuentes","status":"publish","type":"page","link":"https:\/\/manna.pe\/en\/preguntas-frecuentes\/","title":{"rendered":"Preguntas Frecuentes"},"content":{"rendered":"<p>[vc_row][vc_column][vc_column_text]<\/p>\n<h1 style=\"text-align: center;\">PREGUNTAS FRECUENTES<\/h1>\n<hr \/>\n<p>[\/vc_column_text][\/vc_column][\/vc_row][vc_row][vc_column][vc_toggle title=&#8221;\u00bfC\u00f3mo puedo realizar una compra?&#8221;]Inicia sesi\u00f3n si ya est\u00e1s registrado o crea una cuenta para poder comprar.<br \/>\nAgrega los productos que desees a tu carrito de compra, tranquilo no hay monto m\u00ednimo de compra.<br \/>\nCuando hayas terminado de elegir los productos, dale clic al carrito, all\u00ed podr\u00e1s ver el detalle de los productos elegidos. Modifica las cantidades cantidades si deseas<br \/>\nHaz clic en \u2018Comprar\u2019<br \/>\nCompleta con toda la informaci\u00f3n solicitada.<br \/>\nRevisa que todos lo datos sean correctos, lugar de env\u00edo, direcci\u00f3n, etc.<br \/>\nHaga click en el bot\u00f3n \u2018Realizar el pedido\u2019 y luego \u2018Confirmar orden\u2019<br \/>\nTu pedido habr\u00e1 sido realizado y en breve estaremos procesando tu orden para despacho.[\/vc_toggle][vc_toggle title=&#8221;\u00bfLos productos de la web est\u00e1n siempre disponibles?&#8221;]Todos los productos est\u00e1n disponibles para compra a menos que aparezcan como agotados. Si un producto aparece como agotado es probable que vuelva a estar disponible en un par de semanas. Tienes la opci\u00f3n de dejarnos tu correo para que te avisemos cuando los tengamos de vuelta.[\/vc_toggle][vc_toggle title=&#8221;\u00bfTienen tienda f\u00edsica?&#8221;]Por supuesto, manna store tiene dos tiendas f\u00edsica ubicadas en Miraflores:<\/p>\n<p>Jos\u00e9 Galvez 401<br \/>\nRecavarren 324[\/vc_toggle][vc_toggle title=&#8221;M\u00e9todos de pago&#8221;]Es muy sencillo, a trav\u00e9s de nuestra plataforma podr\u00e1s pagar tus compras con la mayor\u00eda de las tarjetas. Trabajamos con la plataforma de Culqui Per\u00fa. Tambi\u00e9n puedes realizar la compra a trav\u00e9s de transferencia bancaria.[\/vc_toggle][vc_toggle title=&#8221;\u00bfPuedo Cancelar\/Devolver una compra?&#8221;]Una vez realizado el pago no se puede cancelar el pedido.<\/p>\n<div class=\"container\">\n<div class=\"inner-page-wrap has-no-sidebar clearfix\">\n<div class=\"clearfix\">\n<div class=\"page-content hfeed clearfix\">\n<div id=\"2115\" class=\"clearfix post-2115 page type-page status-publish hentry\">\n<div class=\"vc_row wpb_row vc_row-fluid\">\n<div class=\"wpb_column vc_column_container vc_col-sm-12\">\n<div class=\"vc_column-inner \">\n<div class=\"wpb_wrapper\">\n<div class=\"wpb_text_column wpb_content_element \">\n<div class=\"wpb_wrapper\">\n<p>S\u00f3lo aceptamos cambios o devoluciones si el producto lleg\u00f3 en mal estado o si recibiste un producto equivocado.<\/p>\n<\/div>\n<\/div>\n<\/div>\n<\/div>\n<\/div>\n<\/div>\n<\/div>\n<\/div>\n<\/div>\n<\/div>\n<\/div>\n<p>[\/vc_toggle][\/vc_column][\/vc_row]<\/p>\n","protected":false},"excerpt":{"rendered":"<p>[vc_row][vc_column][vc_column_text] PREGUNTAS FRECUENTES [\/vc_column_text][\/vc_column][\/vc_row][vc_row][vc_column][vc_toggle title=&#8221;\u00bfC\u00f3mo puedo realizar una compra?&#8221;]Inicia sesi\u00f3n si ya est\u00e1s registrado o crea una cuenta para poder comprar. Agrega los productos que desees a tu carrito de compra, tranquilo no hay monto m\u00ednimo de compra. Cuando hayas terminado de elegir los productos, dale clic al carrito, all\u00ed podr\u00e1s ver el detalle de [&hellip;]<\/p>\n","protected":false},"author":1,"featured_media":6346,"parent":0,"menu_order":0,"comment_status":"closed","ping_status":"closed","template":"full-width.php","meta":{"_acf_changed":false,"footnotes":""},"class_list":["post-26","page","type-page","status-publish","has-post-thumbnail","hentry"],"acf":[],"_links":{"self":[{"href":"https:\/\/manna.pe\/en\/wp-json\/wp\/v2\/pages\/26"}],"collection":[{"href":"https:\/\/manna.pe\/en\/wp-json\/wp\/v2\/pages"}],"about":[{"href":"https:\/\/manna.pe\/en\/wp-json\/wp\/v2\/types\/page"}],"author":[{"embeddable":true,"href":"https:\/\/manna.pe\/en\/wp-json\/wp\/v2\/users\/1"}],"replies":[{"embeddable":true,"href":"https:\/\/manna.pe\/en\/wp-json\/wp\/v2\/comments?post=26"}],"version-history":[{"count":16,"href":"https:\/\/manna.pe\/en\/wp-json\/wp\/v2\/pages\/26\/revisions"}],"predecessor-version":[{"id":5790,"href":"https:\/\/manna.pe\/en\/wp-json\/wp\/v2\/pages\/26\/revisions\/5790"}],"wp:featuredmedia":[{"embeddable":true,"href":"https:\/\/manna.pe\/en\/wp-json\/wp\/v2\/media\/6346"}],"wp:attachment":[{"href":"https:\/\/manna.pe\/en\/wp-json\/wp\/v2\/media?parent=26"}],"curies":[{"name":"wp","href":"https:\/\/api.w.org\/{rel}","templated":true}]}}