{"id":11641,"date":"2024-10-02T09:22:18","date_gmt":"2024-10-02T14:22:18","guid":{"rendered":"https:\/\/manna.pe\/?page_id=11641"},"modified":"2024-10-02T09:31:30","modified_gmt":"2024-10-02T14:31:30","slug":"privacy-policy","status":"publish","type":"page","link":"https:\/\/manna.pe\/en\/privacy-policy\/","title":{"rendered":"Aviso Legal"},"content":{"rendered":"<p>Si necesita m\u00e1s informaci\u00f3n o tiene alguna pregunta sobre nuestra pol\u00edtica de privacidad, no dude en ponerse en contacto con nosotros por correo electr\u00f3nico a tienda@manna.pe.<br \/>\nEn manna.pe consideramos que la privacidad de nuestros visitantes es extremadamente importante. Este documento de pol\u00edtica de privacidad describe en detalle los tipos de informaci\u00f3n personal que manna.pe recopila y registra y c\u00f3mo la utilizamos.<\/p>\n<p><b>Archivos de registro<\/b><br \/>\nAl igual que muchos otros sitios web, manna.pe utiliza archivos de registro. Estos archivos simplemente registran a los visitantes del sitio, generalmente un procedimiento est\u00e1ndar para las empresas de alojamiento y una parte de los an\u00e1lisis de los servicios de alojamiento. La informaci\u00f3n dentro de los archivos de registro incluye direcciones de protocolo de Internet (IP), tipo de navegador, proveedor de servicios de Internet (ISP), sello de fecha y hora, p\u00e1ginas de referencia\/salida y, posiblemente, la cantidad de clics. Esta informaci\u00f3n se utiliza para analizar tendencias, administrar el sitio, rastrear el movimiento del usuario en el sitio y recopilar informaci\u00f3n demogr\u00e1fica. Las direcciones IP y otra informaci\u00f3n similar no est\u00e1n vinculadas a ninguna informaci\u00f3n que sea personalmente identificable.<\/p>\n<p><b>Cookies y balizas web<\/b><br \/>\nmanna.pe utiliza cookies para almacenar informaci\u00f3n sobre las preferencias de los visitantes, para registrar informaci\u00f3n espec\u00edfica del usuario sobre las p\u00e1ginas a las que accede o visita el visitante del sitio y para personalizar o personalizar el contenido de nuestra p\u00e1gina web en funci\u00f3n del tipo de navegador del visitante u otra informaci\u00f3n que el visitante env\u00eda a trav\u00e9s de su navegador.<\/p>\n<p><b>Cookie de DoubleClick DART<\/b><br \/>\n\u2192 Google, como proveedor externo, utiliza cookies para publicar anuncios en manna.pe<br \/>\n\u2192 El uso de la cookie de DART por parte de Google le permite publicar anuncios a los visitantes de nuestro sitio en funci\u00f3n de su visita a manna.pe y otros sitios de Internet.<br \/>\n\u2192 Los usuarios pueden optar por no utilizar las cookies de DART visitando la pol\u00edtica de privacidad de la red de contenido y anuncios de Google en la siguiente URL: <a href=\"http:\/\/www.google.com\/privacy_ads.html\">http:\/\/www.google.com\/privacy_ads.html<\/a><\/p>\n<p>Si desea desactivar las cookies, puede hacerlo a trav\u00e9s de las opciones de su navegador individual. Puede encontrar informaci\u00f3n m\u00e1s detallada sobre la gesti\u00f3n de cookies con navegadores web espec\u00edficos en los sitios web respectivos de los navegadores. <a href=\"https:\/\/www.privacypolicyonline.com\/what-are-cookies\/\">\u00bfQu\u00e9 son las cookies?<\/a><\/p>\n<p><strong>Informaci\u00f3n para ni\u00f1os<\/strong><br \/>\nCreemos que es importante proporcionar una protecci\u00f3n adicional para los ni\u00f1os en l\u00ednea. Animamos a los padres y tutores a pasar tiempo en l\u00ednea con sus hijos para observar, participar y\/o supervisar y guiar su actividad en l\u00ednea.<br \/>\nmanna.pe no recopila deliberadamente informaci\u00f3n de identificaci\u00f3n personal de ni\u00f1os menores de 13 a\u00f1os. Si un padre o tutor cree que manna.pe tiene en su base de datos informaci\u00f3n de identificaci\u00f3n personal de un ni\u00f1o menor de 13 a\u00f1os, comun\u00edquese con nosotros de inmediato (utilizando el contacto que aparece en el primer p\u00e1rrafo) y haremos todo lo posible para eliminar r\u00e1pidamente dicha informaci\u00f3n de nuestros registros.<\/p>\n<p><b>Pol\u00edtica de privacidad en l\u00ednea \u00fanicamente<\/b><\/p>\n","protected":false},"excerpt":{"rendered":"<p>Si necesita m\u00e1s informaci\u00f3n o tiene alguna pregunta sobre nuestra pol\u00edtica de privacidad, no dude en ponerse en contacto con nosotros por correo electr\u00f3nico a tienda@manna.pe. En manna.pe consideramos que la privacidad de nuestros visitantes es extremadamente importante. Este documento de pol\u00edtica de privacidad describe en detalle los tipos de informaci\u00f3n personal que manna.pe recopila [&hellip;]<\/p>\n","protected":false},"author":1,"featured_media":0,"parent":0,"menu_order":0,"comment_status":"closed","ping_status":"closed","template":"","meta":{"_acf_changed":false,"footnotes":""},"class_list":["post-11641","page","type-page","status-publish","hentry"],"acf":[],"_links":{"self":[{"href":"https:\/\/manna.pe\/en\/wp-json\/wp\/v2\/pages\/11641"}],"collection":[{"href":"https:\/\/manna.pe\/en\/wp-json\/wp\/v2\/pages"}],"about":[{"href":"https:\/\/manna.pe\/en\/wp-json\/wp\/v2\/types\/page"}],"author":[{"embeddable":true,"href":"https:\/\/manna.pe\/en\/wp-json\/wp\/v2\/users\/1"}],"replies":[{"embeddable":true,"href":"https:\/\/manna.pe\/en\/wp-json\/wp\/v2\/comments?post=11641"}],"version-history":[{"count":5,"href":"https:\/\/manna.pe\/en\/wp-json\/wp\/v2\/pages\/11641\/revisions"}],"predecessor-version":[{"id":11646,"href":"https:\/\/manna.pe\/en\/wp-json\/wp\/v2\/pages\/11641\/revisions\/11646"}],"wp:attachment":[{"href":"https:\/\/manna.pe\/en\/wp-json\/wp\/v2\/media?parent=11641"}],"curies":[{"name":"wp","href":"https:\/\/api.w.org\/{rel}","templated":true}]}}